{"id":82,"date":"2016-03-04T14:28:02","date_gmt":"2016-03-04T14:28:02","guid":{"rendered":"http:\/\/www.liuha.fi\/keslem\/?page_id=82"},"modified":"2026-02-18T22:39:26","modified_gmt":"2026-02-18T22:39:26","slug":"kj","status":"publish","type":"page","link":"https:\/\/www.liuha.fi\/keslem\/?page_id=82","title":{"rendered":"Kunnallisj\u00e4rjest\u00f6"},"content":{"rendered":"<p><strong>Lemp\u00e4\u00e4l\u00e4ss\u00e4 me keskustalaiset toimimme\u00a0 yhteisen kunnallisj\u00e4rjest\u00f6n kautta <\/strong>erityisesti kunnallisissa asioissa ja vaality\u00f6ss\u00e4. Vaikka kunnallisj\u00e4rjest\u00f6n j\u00e4seni\u00e4 ja p\u00e4\u00e4t\u00f6ksentekij\u00f6it\u00e4 ovat virallisesti paikallisyhdistykset edustajiensa kautta, Lemp\u00e4\u00e4l\u00e4ss\u00e4 jokaisella Keskustan j\u00e4senell\u00e4 on \u00e4\u00e4nioikeus erillisell\u00e4 p\u00e4\u00e4t\u00f6ksell\u00e4 my\u00f6s kunnallisj\u00e4rjest\u00f6n kokouksissa. Kunnallisj\u00e4rjest\u00f6\u00e4 johtaa ja toiminnasta vastaa vuosittain valittava johtokunta ja sen puheenjohtajisto sek\u00e4 sihteeri. Valtuutetuilla ja paikallisyhdistysten puheenjohtajilla on l\u00e4sn\u00e4olo-oikeus johtokunnan kokouksissa.<\/p>\n<p><strong>Kunnallisj\u00e4rjest\u00f6ss\u00e4 linjaamme Lemp\u00e4\u00e4l\u00e4n Keskustan kunnallispoliittiset tavoitteet ja periaatteet<\/strong>. Se asettaa kunnallisvaalien ehdokkaat ja valitsee kunnallisvaalien tuloksen mukaiset luottamushenkil\u00f6t. Vaalikauden aikana kunnallisj\u00e4rjest\u00f6 pyrkii edist\u00e4m\u00e4\u00e4n yhteisi\u00e4 tavoitteitamme yhteisty\u00f6ss\u00e4 Keskustan valtuustoryhm\u00e4n kanssa.<\/p>\n<p><strong>Kunnallisj\u00e4rjest\u00f6n vastuulla on my\u00f6s yhteydenpito mm. piiriin sek\u00e4 puolueeseen.<\/strong> Kannamme vastuuta mm. paikallisten tarpeiden viemisest\u00e4 eteenp\u00e4in kansanedustajille ja puolueen johdolle sek\u00e4 Keskustan tavoitteista ja toiminnasta tiedottamisesta Lemp\u00e4\u00e4l\u00e4ss\u00e4.<\/p>\n<p>T\u00e4m\u00e4 sivusto on osa kunnallisj\u00e4rjest\u00f6n yhteist\u00e4 toimintaa ja tuotetaan aktiivisten johtokuntalaisten sek\u00e4 oman nettiryhm\u00e4n ty\u00f6n\u00e4.<\/p>\n<blockquote>\n<p style=\"text-align: center;\">Sin\u00e4kin olet tervetullut mukaan toimintaamme!<\/p>\n<\/blockquote>\n","protected":false},"excerpt":{"rendered":"<p>Lemp\u00e4\u00e4l\u00e4ss\u00e4 me keskustalaiset toimimme\u00a0 yhteisen kunnallisj\u00e4rjest\u00f6n kautta erityisesti kunnallisissa asioissa ja vaality\u00f6ss\u00e4. Vaikka kunnallisj\u00e4rjest\u00f6n j\u00e4seni\u00e4 ja p\u00e4\u00e4t\u00f6ksentekij\u00f6it\u00e4 ovat virallisesti paikallisyhdistykset edustajiensa kautta, Lemp\u00e4\u00e4l\u00e4ss\u00e4 jokaisella Keskustan j\u00e4senell\u00e4 on \u00e4\u00e4nioikeus erillisell\u00e4 p\u00e4\u00e4t\u00f6ksell\u00e4 my\u00f6s kunnallisj\u00e4rjest\u00f6n kokouksissa. Kunnallisj\u00e4rjest\u00f6\u00e4 johtaa ja toiminnasta vastaa vuosittain valittava johtokunta ja sen puheenjohtajisto sek\u00e4 sihteeri. Valtuutetuilla ja paikallisyhdistysten puheenjohtajilla on l\u00e4sn\u00e4olo-oikeus johtokunnan kokouksissa. Kunnallisj\u00e4rjest\u00f6ss\u00e4 linjaamme Lemp\u00e4\u00e4l\u00e4n Keskustan kunnallispoliittiset tavoitteet\u2026<\/p>\n<p> <a class=\"continue-reading-link\" href=\"https:\/\/www.liuha.fi\/keslem\/?page_id=82\"><span>Jatka lukemista<\/span><i class=\"crycon-right-dir\"><\/i><\/a> <\/p>\n","protected":false},"author":1,"featured_media":0,"parent":100,"menu_order":0,"comment_status":"closed","ping_status":"closed","template":"","meta":{"footnotes":""},"class_list":["post-82","page","type-page","status-publish","hentry"],"_links":{"self":[{"href":"https:\/\/www.liuha.fi\/keslem\/index.php?rest_route=\/wp\/v2\/pages\/82","targetHints":{"allow":["GET"]}}],"collection":[{"href":"https:\/\/www.liuha.fi\/keslem\/index.php?rest_route=\/wp\/v2\/pages"}],"about":[{"href":"https:\/\/www.liuha.fi\/keslem\/index.php?rest_route=\/wp\/v2\/types\/page"}],"author":[{"embeddable":true,"href":"https:\/\/www.liuha.fi\/keslem\/index.php?rest_route=\/wp\/v2\/users\/1"}],"replies":[{"embeddable":true,"href":"https:\/\/www.liuha.fi\/keslem\/index.php?rest_route=%2Fwp%2Fv2%2Fcomments&post=82"}],"version-history":[{"count":9,"href":"https:\/\/www.liuha.fi\/keslem\/index.php?rest_route=\/wp\/v2\/pages\/82\/revisions"}],"predecessor-version":[{"id":1913,"href":"https:\/\/www.liuha.fi\/keslem\/index.php?rest_route=\/wp\/v2\/pages\/82\/revisions\/1913"}],"up":[{"embeddable":true,"href":"https:\/\/www.liuha.fi\/keslem\/index.php?rest_route=\/wp\/v2\/pages\/100"}],"wp:attachment":[{"href":"https:\/\/www.liuha.fi\/keslem\/index.php?rest_route=%2Fwp%2Fv2%2Fmedia&parent=82"}],"curies":[{"name":"wp","href":"https:\/\/api.w.org\/{rel}","templated":true}]}}