{"id":79,"date":"2016-03-04T14:27:16","date_gmt":"2016-03-04T14:27:16","guid":{"rendered":"http:\/\/www.liuha.fi\/keslem\/?page_id=79"},"modified":"2017-01-10T23:40:02","modified_gmt":"2017-01-10T23:40:02","slug":"kuntavaalit","status":"publish","type":"page","link":"https:\/\/www.liuha.fi\/keslem\/?page_id=79","title":{"rendered":"Kuntavaalit 2017"},"content":{"rendered":"<p>Voimme yhdess\u00e4 tehd\u00e4 monenlaista hyv\u00e4\u00e4, kunhan keskustelemme, kuuntelemme toisiamme ja tartumme toimeen. T\u00e4m\u00e4 tarvitsee aikansa, paikkansa ja fooruminsa \u2013 uuden, tulevaisuuden Lemp\u00e4\u00e4l\u00e4n suunta ratkaistaan valtuustokaudella 2017-2021.<\/p>\n","protected":false},"excerpt":{"rendered":"<p>Voimme yhdess\u00e4 tehd\u00e4 monenlaista hyv\u00e4\u00e4, kunhan keskustelemme, kuuntelemme toisiamme ja tartumme toimeen. T\u00e4m\u00e4 tarvitsee aikansa, paikkansa ja fooruminsa \u2013 uuden, tulevaisuuden Lemp\u00e4\u00e4l\u00e4n suunta ratkaistaan valtuustokaudella 2017-2021.<\/p>\n<p> <a class=\"continue-reading-link\" href=\"https:\/\/www.liuha.fi\/keslem\/?page_id=79\"><span>Jatka lukemista<\/span><i class=\"crycon-right-dir\"><\/i><\/a> <\/p>\n","protected":false},"author":1,"featured_media":0,"parent":0,"menu_order":0,"comment_status":"closed","ping_status":"closed","template":"templates\/template-page-with-intro.php","meta":{"footnotes":""},"class_list":["post-79","page","type-page","status-publish","hentry"],"_links":{"self":[{"href":"https:\/\/www.liuha.fi\/keslem\/index.php?rest_route=\/wp\/v2\/pages\/79","targetHints":{"allow":["GET"]}}],"collection":[{"href":"https:\/\/www.liuha.fi\/keslem\/index.php?rest_route=\/wp\/v2\/pages"}],"about":[{"href":"https:\/\/www.liuha.fi\/keslem\/index.php?rest_route=\/wp\/v2\/types\/page"}],"author":[{"embeddable":true,"href":"https:\/\/www.liuha.fi\/keslem\/index.php?rest_route=\/wp\/v2\/users\/1"}],"replies":[{"embeddable":true,"href":"https:\/\/www.liuha.fi\/keslem\/index.php?rest_route=%2Fwp%2Fv2%2Fcomments&post=79"}],"version-history":[{"count":11,"href":"https:\/\/www.liuha.fi\/keslem\/index.php?rest_route=\/wp\/v2\/pages\/79\/revisions"}],"predecessor-version":[{"id":747,"href":"https:\/\/www.liuha.fi\/keslem\/index.php?rest_route=\/wp\/v2\/pages\/79\/revisions\/747"}],"wp:attachment":[{"href":"https:\/\/www.liuha.fi\/keslem\/index.php?rest_route=%2Fwp%2Fv2%2Fmedia&parent=79"}],"curies":[{"name":"wp","href":"https:\/\/api.w.org\/{rel}","templated":true}]}}