{"id":76,"date":"2016-03-04T14:27:02","date_gmt":"2016-03-04T14:27:02","guid":{"rendered":"http:\/\/www.liuha.fi\/keslem\/?page_id=76"},"modified":"2021-05-19T00:43:15","modified_gmt":"2021-05-19T00:43:15","slug":"jaseneksi","status":"publish","type":"page","link":"https:\/\/www.liuha.fi\/keslem\/?page_id=76","title":{"rendered":"Liity j\u00e4seneksi!"},"content":{"rendered":"<p>Keskustan henkil\u00f6j\u00e4senet ovat paikallisyhdistysten tai sisarj\u00e4rjest\u00f6jen j\u00e4seni\u00e4. Liittyess\u00e4si j\u00e4seneksi Sinua autetaan valitsemaan asuinpaikkaasi l\u00e4hin yhdistys tai voit liitty\u00e4 esim. yhdistykseen, jonka v\u00e4ki on Sinulle valmiiksi tuttua.<\/p>\n<p><a href=\"https:\/\/keskusta.fi\/vaikuta\/liity-jaseneksi\/\" target=\"_blank\" rel=\"noopener\">Lis\u00e4tietoa Keskustan j\u00e4senyydest\u00e4 ja j\u00e4seneksi liittyminen Keskustan sivuilla<\/a><\/p>\n<p><a href=\"https:\/\/keskustanuoret.fi\/\" target=\"_blank\" rel=\"noopener\">Lis\u00e4tietoa Keskustanuorten j\u00e4senyydest\u00e4 ja j\u00e4seneksi liittyminen Keskustanuorten sivuilla<\/a><\/p>\n<p><a href=\"https:\/\/www.keskustaopiskelijat.fi\/jaseneksi\/\" target=\"_blank\" rel=\"noopener\">Lis\u00e4tietoa Keskustaopiskelijoiden j\u00e4senyydest\u00e4 ja j\u00e4seneksi liittyminen KOL:n sivuilla<\/a><\/p>\n<p><strong><em>Tervetuloa keskustaperheeseen!<\/em><\/strong><\/p>\n","protected":false},"excerpt":{"rendered":"<p>Keskustan henkil\u00f6j\u00e4senet ovat paikallisyhdistysten tai sisarj\u00e4rjest\u00f6jen j\u00e4seni\u00e4. Liittyess\u00e4si j\u00e4seneksi Sinua autetaan valitsemaan asuinpaikkaasi l\u00e4hin yhdistys tai voit liitty\u00e4 esim. yhdistykseen, jonka v\u00e4ki on Sinulle valmiiksi tuttua. Lis\u00e4tietoa Keskustan j\u00e4senyydest\u00e4 ja j\u00e4seneksi liittyminen Keskustan sivuilla Lis\u00e4tietoa Keskustanuorten j\u00e4senyydest\u00e4 ja j\u00e4seneksi liittyminen Keskustanuorten sivuilla Lis\u00e4tietoa Keskustaopiskelijoiden j\u00e4senyydest\u00e4 ja j\u00e4seneksi liittyminen KOL:n sivuilla Tervetuloa keskustaperheeseen!<\/p>\n<p> <a class=\"continue-reading-link\" href=\"https:\/\/www.liuha.fi\/keslem\/?page_id=76\"><span>Jatka lukemista<\/span><i class=\"crycon-right-dir\"><\/i><\/a> <\/p>\n","protected":false},"author":1,"featured_media":0,"parent":0,"menu_order":0,"comment_status":"closed","ping_status":"closed","template":"","meta":{"footnotes":""},"class_list":["post-76","page","type-page","status-publish","hentry"],"_links":{"self":[{"href":"https:\/\/www.liuha.fi\/keslem\/index.php?rest_route=\/wp\/v2\/pages\/76","targetHints":{"allow":["GET"]}}],"collection":[{"href":"https:\/\/www.liuha.fi\/keslem\/index.php?rest_route=\/wp\/v2\/pages"}],"about":[{"href":"https:\/\/www.liuha.fi\/keslem\/index.php?rest_route=\/wp\/v2\/types\/page"}],"author":[{"embeddable":true,"href":"https:\/\/www.liuha.fi\/keslem\/index.php?rest_route=\/wp\/v2\/users\/1"}],"replies":[{"embeddable":true,"href":"https:\/\/www.liuha.fi\/keslem\/index.php?rest_route=%2Fwp%2Fv2%2Fcomments&post=76"}],"version-history":[{"count":12,"href":"https:\/\/www.liuha.fi\/keslem\/index.php?rest_route=\/wp\/v2\/pages\/76\/revisions"}],"predecessor-version":[{"id":1648,"href":"https:\/\/www.liuha.fi\/keslem\/index.php?rest_route=\/wp\/v2\/pages\/76\/revisions\/1648"}],"wp:attachment":[{"href":"https:\/\/www.liuha.fi\/keslem\/index.php?rest_route=%2Fwp%2Fv2%2Fmedia&parent=76"}],"curies":[{"name":"wp","href":"https:\/\/api.w.org\/{rel}","templated":true}]}}