{"id":73,"date":"2016-03-04T14:26:49","date_gmt":"2016-03-04T14:26:49","guid":{"rendered":"http:\/\/www.liuha.fi\/keslem\/?page_id=73"},"modified":"2026-02-18T23:01:44","modified_gmt":"2026-02-18T23:01:44","slug":"yhteystiedot","status":"publish","type":"page","link":"https:\/\/www.liuha.fi\/keslem\/?page_id=73","title":{"rendered":"Yhteystiedot"},"content":{"rendered":"\n<div id=\"container\">\n<div id=\"text8\"><strong>Keskustan Lemp\u00e4\u00e4l\u00e4n kunnallisj\u00e4rjest\u00f6 ry.<\/strong><br><span style=\"color: #008000;\">www.lempaalankeskusta.net<\/span><\/div>\n<div><hr>\n<figure><figure><img loading=\"lazy\" decoding=\"async\" class=\"size-thumbnail wp-image-239 alignleft\" src=\"https:\/\/www.liuha.fi\/keslem\/wp-content\/uploads\/2023\/03\/tuukka_liuha_1_rajattu-scaled.jpg\" alt=\"\" width=\"150\" height=\"150\"><\/figure><\/figure><p><\/p>\n<p><strong>Puheenjohtaja &amp; webmaster<\/strong><br>Tuukka Liuha<br>puh. 045 674 8077<br>tuukka ( a ) liuha.fi<\/p>\n<\/div>\n<div><hr>\n<\/div>\n<div><hr>\n<figure><figure><img loading=\"lazy\" decoding=\"async\" class=\"alignleft size-thumbnail wp-image-230\" src=\"https:\/\/www.liuha.fi\/keslem\/wp-content\/uploads\/2016\/04\/169_keskusta-Hatakka-Ihanus-Elina-800px.jpgPOIS\" alt=\"\" width=\"150\" height=\"150\"><\/figure><\/figure><p><strong>Varapuheenjohtaja<\/strong><br>Ville Tirkkonen <br>puh. 044 540 0377 <br>ville.j.tirkkonen (@) gmail.com<\/p>\n<\/div>\n<div><hr>\n<figure><figure><img loading=\"lazy\" decoding=\"async\" class=\"alignleft size-thumbnail wp-image-229\" src=\"https:\/\/www.liuha.fi\/keslem\/wp-content\/uploads\/2016\/04\/169_keskusta-Halme-Riitta-800px-150x150.jpgKUVA\" alt=\"\" width=\"150\" height=\"150\"><\/figure><\/figure><p><strong>Sihteeri<\/strong><br>Jasmiina Inkinen<br>puh. 050 557 4696 <br>lh.jasmiina.inkinen (@) lempaala.fi<\/p>\n<\/div>\n<div><hr>\n<figure><figure><img loading=\"lazy\" decoding=\"async\" class=\"alignleft size-thumbnail wp-image-229\" src=\"https:\/\/www.liuha.fi\/keslem\/wp-content\/uploads\/2016\/04\/169_keskusta-Halme-Riitta-800px-150x150.jpg\" alt=\"\" width=\"150\" height=\"150\"><\/figure><\/figure><p><strong>J\u00e4senvastaava<\/strong><br>Riitta Halme<br>puh. 040 722 5402<br>riitta.halme ( a ) gmail.com<\/p>\n<\/div>\n<div><hr>\n<figure><figure><img loading=\"lazy\" decoding=\"async\" class=\"alignleft size-thumbnail wp-image-230\" src=\"https:\/\/www.liuha.fi\/keslem\/wp-content\/uploads\/2022\/11\/karki_mikko_lempaalan_srk-scaled-e1678836456581.jpg\" alt=\"\" width=\"150\" height=\"150\"><\/figure><\/figure><p><strong>Vaalip\u00e4\u00e4llikk\u00f6 ja rahastonhoitaja<\/strong><br>Mikko K\u00e4rki<br>puh. 050 360 2256<br>mikkokarki ( a ) kolumbus.fi<\/p>\n<\/div>\n<\/div>\n","protected":false},"excerpt":{"rendered":"<p>Keskustan Lemp\u00e4\u00e4l\u00e4n kunnallisj\u00e4rjest\u00f6 ry.www.lempaalankeskusta.net Puheenjohtaja &amp; webmasterTuukka Liuhapuh. 045 674 8077tuukka ( a ) liuha.fi VarapuheenjohtajaVille Tirkkonen puh. 044 540 0377 ville.j.tirkkonen (@) gmail.com SihteeriJasmiina Inkinenpuh. 050 557 4696 lh.jasmiina.inkinen (@) lempaala.fi J\u00e4senvastaavaRiitta Halmepuh. 040 722 5402riitta.halme ( a ) gmail.com Vaalip\u00e4\u00e4llikk\u00f6 ja rahastonhoitajaMikko K\u00e4rkipuh. 050 360 2256mikkokarki ( a ) kolumbus.fi<\/p>\n<p> <a class=\"continue-reading-link\" href=\"https:\/\/www.liuha.fi\/keslem\/?page_id=73\"><span>Jatka lukemista<\/span><i class=\"crycon-right-dir\"><\/i><\/a> <\/p>\n","protected":false},"author":1,"featured_media":0,"parent":0,"menu_order":0,"comment_status":"closed","ping_status":"closed","template":"","meta":{"footnotes":""},"class_list":["post-73","page","type-page","status-publish","hentry"],"_links":{"self":[{"href":"https:\/\/www.liuha.fi\/keslem\/index.php?rest_route=\/wp\/v2\/pages\/73","targetHints":{"allow":["GET"]}}],"collection":[{"href":"https:\/\/www.liuha.fi\/keslem\/index.php?rest_route=\/wp\/v2\/pages"}],"about":[{"href":"https:\/\/www.liuha.fi\/keslem\/index.php?rest_route=\/wp\/v2\/types\/page"}],"author":[{"embeddable":true,"href":"https:\/\/www.liuha.fi\/keslem\/index.php?rest_route=\/wp\/v2\/users\/1"}],"replies":[{"embeddable":true,"href":"https:\/\/www.liuha.fi\/keslem\/index.php?rest_route=%2Fwp%2Fv2%2Fcomments&post=73"}],"version-history":[{"count":42,"href":"https:\/\/www.liuha.fi\/keslem\/index.php?rest_route=\/wp\/v2\/pages\/73\/revisions"}],"predecessor-version":[{"id":1927,"href":"https:\/\/www.liuha.fi\/keslem\/index.php?rest_route=\/wp\/v2\/pages\/73\/revisions\/1927"}],"wp:attachment":[{"href":"https:\/\/www.liuha.fi\/keslem\/index.php?rest_route=%2Fwp%2Fv2%2Fmedia&parent=73"}],"curies":[{"name":"wp","href":"https:\/\/api.w.org\/{rel}","templated":true}]}}