{"id":70,"date":"2016-03-04T14:23:32","date_gmt":"2016-03-04T14:23:32","guid":{"rendered":"http:\/\/www.liuha.fi\/keslem\/?page_id=70"},"modified":"2019-12-20T06:46:15","modified_gmt":"2019-12-20T06:46:15","slug":"ajankohtaista","status":"publish","type":"page","link":"https:\/\/www.liuha.fi\/keslem\/?page_id=70","title":{"rendered":"Ajankohtaista"},"content":{"rendered":"<p>Uutiset ja tiedotteet tulossa t\u00e4h\u00e4n<\/p>\n<p>(T\u00e4m\u00e4 sivu n\u00e4kyy valikossa nimell\u00e4 &#8221;Uutisia ja sanottua&#8221;)<\/p>\n\n\n<figure class=\"wp-block-image size-large is-style-default\"><img loading=\"lazy\" decoding=\"async\" width=\"715\" height=\"1024\" src=\"https:\/\/www.liuha.fi\/keslem\/wp-content\/uploads\/2019\/12\/19122019Joulu_254x364-715x1024.png\" alt=\"\" class=\"wp-image-1551\" srcset=\"https:\/\/www.liuha.fi\/keslem\/wp-content\/uploads\/2019\/12\/19122019Joulu_254x364-715x1024.png 715w, https:\/\/www.liuha.fi\/keslem\/wp-content\/uploads\/2019\/12\/19122019Joulu_254x364-209x300.png 209w, https:\/\/www.liuha.fi\/keslem\/wp-content\/uploads\/2019\/12\/19122019Joulu_254x364-768x1100.png 768w, https:\/\/www.liuha.fi\/keslem\/wp-content\/uploads\/2019\/12\/19122019Joulu_254x364-105x150.png 105w, https:\/\/www.liuha.fi\/keslem\/wp-content\/uploads\/2019\/12\/19122019Joulu_254x364.png 960w\" sizes=\"auto, (max-width: 715px) 100vw, 715px\" \/><\/figure>\n","protected":false},"excerpt":{"rendered":"<p>Uutiset ja tiedotteet tulossa t\u00e4h\u00e4n (T\u00e4m\u00e4 sivu n\u00e4kyy valikossa nimell\u00e4 &#8221;Uutisia ja sanottua&#8221;)<\/p>\n<p> <a class=\"continue-reading-link\" href=\"https:\/\/www.liuha.fi\/keslem\/?page_id=70\"><span>Jatka lukemista<\/span><i class=\"crycon-right-dir\"><\/i><\/a> <\/p>\n","protected":false},"author":1,"featured_media":0,"parent":0,"menu_order":0,"comment_status":"closed","ping_status":"closed","template":"templates\/template-blog.php","meta":{"footnotes":""},"class_list":["post-70","page","type-page","status-publish","hentry"],"_links":{"self":[{"href":"https:\/\/www.liuha.fi\/keslem\/index.php?rest_route=\/wp\/v2\/pages\/70","targetHints":{"allow":["GET"]}}],"collection":[{"href":"https:\/\/www.liuha.fi\/keslem\/index.php?rest_route=\/wp\/v2\/pages"}],"about":[{"href":"https:\/\/www.liuha.fi\/keslem\/index.php?rest_route=\/wp\/v2\/types\/page"}],"author":[{"embeddable":true,"href":"https:\/\/www.liuha.fi\/keslem\/index.php?rest_route=\/wp\/v2\/users\/1"}],"replies":[{"embeddable":true,"href":"https:\/\/www.liuha.fi\/keslem\/index.php?rest_route=%2Fwp%2Fv2%2Fcomments&post=70"}],"version-history":[{"count":7,"href":"https:\/\/www.liuha.fi\/keslem\/index.php?rest_route=\/wp\/v2\/pages\/70\/revisions"}],"predecessor-version":[{"id":1559,"href":"https:\/\/www.liuha.fi\/keslem\/index.php?rest_route=\/wp\/v2\/pages\/70\/revisions\/1559"}],"wp:attachment":[{"href":"https:\/\/www.liuha.fi\/keslem\/index.php?rest_route=%2Fwp%2Fv2%2Fmedia&parent=70"}],"curies":[{"name":"wp","href":"https:\/\/api.w.org\/{rel}","templated":true}]}}