{"id":64,"date":"2016-03-04T14:22:47","date_gmt":"2016-03-04T14:22:47","guid":{"rendered":"http:\/\/www.liuha.fi\/keslem\/?page_id=64"},"modified":"2026-02-18T22:09:40","modified_gmt":"2026-02-18T22:09:40","slug":"kunnanhallitus","status":"publish","type":"page","link":"https:\/\/www.liuha.fi\/keslem\/?page_id=64","title":{"rendered":"Kunnanhallituksessa"},"content":{"rendered":"<p>Lemp\u00e4\u00e4l\u00e4n kunnanhallituksessa Keskustaa edustavat:<\/p>\n<p><strong>Tuukka Liuha (2. vpj)<\/strong>, varaj\u00e4sen Manne Viljamaa<\/p>\n<p><strong>Elina Elovirta<\/strong>, varaj\u00e4sen Heli Tiensuu<\/p>\n<p><strong>\u00a0<\/strong><\/p>\n\n\n<p><\/p>\n","protected":false},"excerpt":{"rendered":"<p>Lemp\u00e4\u00e4l\u00e4n kunnanhallituksessa Keskustaa edustavat: Tuukka Liuha (2. vpj), varaj\u00e4sen Manne Viljamaa Elina Elovirta, varaj\u00e4sen Heli Tiensuu \u00a0<\/p>\n<p> <a class=\"continue-reading-link\" href=\"https:\/\/www.liuha.fi\/keslem\/?page_id=64\"><span>Jatka lukemista<\/span><i class=\"crycon-right-dir\"><\/i><\/a> <\/p>\n","protected":false},"author":1,"featured_media":0,"parent":192,"menu_order":0,"comment_status":"closed","ping_status":"closed","template":"","meta":{"footnotes":""},"class_list":["post-64","page","type-page","status-publish","hentry"],"_links":{"self":[{"href":"https:\/\/www.liuha.fi\/keslem\/index.php?rest_route=\/wp\/v2\/pages\/64","targetHints":{"allow":["GET"]}}],"collection":[{"href":"https:\/\/www.liuha.fi\/keslem\/index.php?rest_route=\/wp\/v2\/pages"}],"about":[{"href":"https:\/\/www.liuha.fi\/keslem\/index.php?rest_route=\/wp\/v2\/types\/page"}],"author":[{"embeddable":true,"href":"https:\/\/www.liuha.fi\/keslem\/index.php?rest_route=\/wp\/v2\/users\/1"}],"replies":[{"embeddable":true,"href":"https:\/\/www.liuha.fi\/keslem\/index.php?rest_route=%2Fwp%2Fv2%2Fcomments&post=64"}],"version-history":[{"count":10,"href":"https:\/\/www.liuha.fi\/keslem\/index.php?rest_route=\/wp\/v2\/pages\/64\/revisions"}],"predecessor-version":[{"id":1903,"href":"https:\/\/www.liuha.fi\/keslem\/index.php?rest_route=\/wp\/v2\/pages\/64\/revisions\/1903"}],"up":[{"embeddable":true,"href":"https:\/\/www.liuha.fi\/keslem\/index.php?rest_route=\/wp\/v2\/pages\/192"}],"wp:attachment":[{"href":"https:\/\/www.liuha.fi\/keslem\/index.php?rest_route=%2Fwp%2Fv2%2Fmedia&parent=64"}],"curies":[{"name":"wp","href":"https:\/\/api.w.org\/{rel}","templated":true}]}}