{"id":61,"date":"2016-03-04T14:22:30","date_gmt":"2016-03-04T14:22:30","guid":{"rendered":"http:\/\/www.liuha.fi\/keslem\/?page_id=61"},"modified":"2026-02-18T22:08:16","modified_gmt":"2026-02-18T22:08:16","slug":"ihmiset-3","status":"publish","type":"page","link":"https:\/\/www.liuha.fi\/keslem\/?page_id=61","title":{"rendered":"Valtuustossa"},"content":{"rendered":"\n<p><strong>Keskustan valtuutetut Lemp\u00e4\u00e4l\u00e4ss\u00e4 2025 alkaen:<\/strong><\/p>\n\n\n\n<p>Liuha Tuukka (valtuustoryhm\u00e4n pj)<\/p>\n\n\n\n<p>Elovirta Elina (valtuustoryhm\u00e4 vpj.)<\/p>\n\n\n\n<p>H\u00e4m\u00e4l\u00e4inen-Ylikahri Maikki<\/p>\n\n\n\n<p>K\u00e4rki Matti<\/p>\n\n\n\n<p>Haapaniemi Pasi<\/p>\n\n\n\n<p>Viljamaa Manne<\/p>\n\n\n\n<p>Kiiveri Antti<\/p>\n\n\n\n<p>Lahtinen Jarkko<\/p>\n\n\n\n<p>Tappura Mikko<\/p>\n\n\n\n<p><strong>Keskustan varavaltuutetut Lemp\u00e4\u00e4l\u00e4ss\u00e4 2025 alkaen kutsumaj\u00e4rjestyksess\u00e4:<\/strong><\/p>\n\n\n\n<p>Korkatti Ismo<\/p>\n\n\n\n<p>Tirkkonen Ville<\/p>\n\n\n\n<p>Ry\u00f6di-Haataja Karoliina<\/p>\n\n\n\n<p>Korhonen Tuija<\/p>\n\n\n\n<p>Inkinen Jasmiina<\/p>\n\n\n\n<p>Vitikka Jukka<\/p>\n\n\n\n<p>Tiensuu Heli<\/p>\n\n\n\n<p>Niemi Marianne<\/p>\n","protected":false},"excerpt":{"rendered":"<p>Keskustan valtuutetut Lemp\u00e4\u00e4l\u00e4ss\u00e4 2025 alkaen: Liuha Tuukka (valtuustoryhm\u00e4n pj) Elovirta Elina (valtuustoryhm\u00e4 vpj.) H\u00e4m\u00e4l\u00e4inen-Ylikahri Maikki K\u00e4rki Matti Haapaniemi Pasi Viljamaa Manne Kiiveri Antti Lahtinen Jarkko Tappura Mikko Keskustan varavaltuutetut Lemp\u00e4\u00e4l\u00e4ss\u00e4 2025 alkaen kutsumaj\u00e4rjestyksess\u00e4: Korkatti Ismo Tirkkonen Ville Ry\u00f6di-Haataja Karoliina Korhonen Tuija Inkinen Jasmiina Vitikka Jukka Tiensuu Heli Niemi Marianne<\/p>\n<p> <a class=\"continue-reading-link\" href=\"https:\/\/www.liuha.fi\/keslem\/?page_id=61\"><span>Jatka lukemista<\/span><i class=\"crycon-right-dir\"><\/i><\/a> <\/p>\n","protected":false},"author":1,"featured_media":0,"parent":192,"menu_order":0,"comment_status":"closed","ping_status":"closed","template":"","meta":{"footnotes":""},"class_list":["post-61","page","type-page","status-publish","hentry"],"_links":{"self":[{"href":"https:\/\/www.liuha.fi\/keslem\/index.php?rest_route=\/wp\/v2\/pages\/61","targetHints":{"allow":["GET"]}}],"collection":[{"href":"https:\/\/www.liuha.fi\/keslem\/index.php?rest_route=\/wp\/v2\/pages"}],"about":[{"href":"https:\/\/www.liuha.fi\/keslem\/index.php?rest_route=\/wp\/v2\/types\/page"}],"author":[{"embeddable":true,"href":"https:\/\/www.liuha.fi\/keslem\/index.php?rest_route=\/wp\/v2\/users\/1"}],"replies":[{"embeddable":true,"href":"https:\/\/www.liuha.fi\/keslem\/index.php?rest_route=%2Fwp%2Fv2%2Fcomments&post=61"}],"version-history":[{"count":18,"href":"https:\/\/www.liuha.fi\/keslem\/index.php?rest_route=\/wp\/v2\/pages\/61\/revisions"}],"predecessor-version":[{"id":1902,"href":"https:\/\/www.liuha.fi\/keslem\/index.php?rest_route=\/wp\/v2\/pages\/61\/revisions\/1902"}],"up":[{"embeddable":true,"href":"https:\/\/www.liuha.fi\/keslem\/index.php?rest_route=\/wp\/v2\/pages\/192"}],"wp:attachment":[{"href":"https:\/\/www.liuha.fi\/keslem\/index.php?rest_route=%2Fwp%2Fv2%2Fmedia&parent=61"}],"curies":[{"name":"wp","href":"https:\/\/api.w.org\/{rel}","templated":true}]}}