{"id":216,"date":"2016-04-11T08:58:05","date_gmt":"2016-04-11T08:58:05","guid":{"rendered":"http:\/\/www.liuha.fi\/keslem\/?page_id=216"},"modified":"2017-04-07T18:57:39","modified_gmt":"2017-04-07T18:57:39","slug":"visiomme","status":"publish","type":"page","link":"https:\/\/www.liuha.fi\/keslem\/?page_id=216","title":{"rendered":"Visiomme"},"content":{"rendered":"<p>Lemp\u00e4\u00e4l\u00e4n Keskustan visio kotikuntamme kehitt\u00e4misess\u00e4 kiteytyy kuntavaaliohjelmassamme. Ohjelma hyv\u00e4ksyttiin syyskokouksessa 29.11.2016.<\/p>\n<p><strong>Keskustan ytimess\u00e4 &#8211; Lemp\u00e4\u00e4l\u00e4 on yhdess\u00e4 vahva<br \/>\n<\/strong><\/p>\n<ol>\n<li><strong>Me asukkaat olemme kunta<\/strong>. Kunta ei ole palvelukone. Kunta ei ole kunnanvirastojen henkil\u00f6st\u00f6. Kunta ei ole joulupukki, perinneyhdistys tai s\u00e4ngyn paikka. Kunta ei ole my\u00f6sk\u00e4\u00e4n bisnest\u00e4 yhteisill\u00e4 rahoilla. Kunta on asukkaidensa yhteis\u00f6, jolla on itsehallinto. Voimme yhdess\u00e4 tehd\u00e4 monenlaista hyv\u00e4\u00e4, kunhan keskustelemme, kuuntelemme toisiamme ja tartumme toimeen. T\u00e4m\u00e4 tarvitsee aikansa, paikkansa ja fooruminsa \u2013uuden, tulevaisuuden Lemp\u00e4\u00e4l\u00e4n suunta ratkaistaan valtuustokaudella 2017-2021.<br \/>\n<hr \/>\n<\/li>\n<li><img loading=\"lazy\" decoding=\"async\" class=\"size-medium wp-image-722 alignright\" src=\"https:\/\/www.liuha.fi\/keslem\/wp-content\/uploads\/2016\/04\/perinnekaupunkia-300x200.jpg\" alt=\"\" width=\"300\" height=\"200\" srcset=\"https:\/\/www.liuha.fi\/keslem\/wp-content\/uploads\/2016\/04\/perinnekaupunkia-300x200.jpg 300w, https:\/\/www.liuha.fi\/keslem\/wp-content\/uploads\/2016\/04\/perinnekaupunkia-768x512.jpg 768w, https:\/\/www.liuha.fi\/keslem\/wp-content\/uploads\/2016\/04\/perinnekaupunkia-1024x683.jpg 1024w, https:\/\/www.liuha.fi\/keslem\/wp-content\/uploads\/2016\/04\/perinnekaupunkia-225x150.jpg 225w, https:\/\/www.liuha.fi\/keslem\/wp-content\/uploads\/2016\/04\/perinnekaupunkia-150x100.jpg 150w, https:\/\/www.liuha.fi\/keslem\/wp-content\/uploads\/2016\/04\/perinnekaupunkia.jpg 2048w\" sizes=\"auto, (max-width: 300px) 100vw, 300px\" \/><strong>Maakuntauudistuksen toteutuessa<\/strong> v. 2019 sosiaali- ja terveysasiat siirtyv\u00e4t uuteen p\u00e4\u00e4t\u00f6ksentekoj\u00e4rjestelm\u00e4\u00e4n. Tuossa tilanteessa jokainen kunta joutuu uudistamaan toimintaansa. Lemp\u00e4\u00e4l\u00e4nk\u00e4\u00e4n tulevaisuus ei tuossa tilanteessa perustu jyrkennettyyn veropohjaan, vaan kunnan ja kunnassa toimivien yhteis\u00f6jen, yhdistysten, seurojen ja kerhojen yhteistoimintaan. Kunnan budjetin, organisaation ja luottamushenkil\u00f6elinten on vastattava uuteen tilanteeseen. Kunta ei ole palveluautomaatti, vaan ihmisten yhteis\u00f6.<br \/>\n<hr \/>\n<\/li>\n<li><strong>Tampereen kaupunkiseudun tuleva kasvu suuntautuu etel\u00e4\u00e4n<\/strong>, Lemp\u00e4\u00e4l\u00e4n suuntaan. Meid\u00e4n on osattava toimia niin, ett\u00e4 kuntakeskus kehittyy vahvaksi, ett\u00e4 koko Lemp\u00e4\u00e4l\u00e4 saa kehityksen hedelmi\u00e4 ja ett\u00e4 kunnan identiteetti s\u00e4ilyy kirkkaana. Lemp\u00e4\u00e4l\u00e4 on tuhatvuotinen pit\u00e4j\u00e4 p\u00e4\u00e4radan ja moottorien \u00e4\u00e4rell\u00e4, ja sill\u00e4 on tulevaisuus puolellaan. Osa t\u00e4t\u00e4 tulevaisuutta on koko kunnan optisen kuidun verkko.<br \/>\n<hr \/>\n<\/li>\n<li><strong>Tarkempi huomio kasvun laatuun<\/strong>. Haluamme Lemp\u00e4\u00e4l\u00e4st\u00e4 vihre\u00e4n, viihtyis\u00e4n ja vetovoimaisen ja asukkaitaan palvelevan kunnan. T\u00e4m\u00e4 tarkoittaa, ett\u00e4 kuntakeskusta kehitet\u00e4\u00e4n puutarhakaupunkina. Haluamme Lempoisiin puukerrostaloja, uuden yl\u00e4koulun ja suunnitellun viherverkoston. Haluamme, ett\u00e4 Kuljua ja S\u00e4\u00e4ksj\u00e4rve\u00e4 kehitet\u00e4\u00e4n ymp\u00e4rist\u00f6vastuisesti ja ett\u00e4 kylien koulut ymm\u00e4rret\u00e4\u00e4n monipalvelutiloiksi.<br \/>\n<hr \/>\n<\/li>\n<li><strong>Sivistys yhteiseksi johtot\u00e4hdeksi<\/strong>. <img loading=\"lazy\" decoding=\"async\" class=\"size-medium wp-image-718 alignright\" src=\"https:\/\/www.liuha.fi\/keslem\/wp-content\/uploads\/2016\/04\/kirjoja-300x200.jpg\" alt=\"\" width=\"300\" height=\"200\" srcset=\"https:\/\/www.liuha.fi\/keslem\/wp-content\/uploads\/2016\/04\/kirjoja-300x200.jpg 300w, https:\/\/www.liuha.fi\/keslem\/wp-content\/uploads\/2016\/04\/kirjoja-768x512.jpg 768w, https:\/\/www.liuha.fi\/keslem\/wp-content\/uploads\/2016\/04\/kirjoja-1024x683.jpg 1024w, https:\/\/www.liuha.fi\/keslem\/wp-content\/uploads\/2016\/04\/kirjoja-225x150.jpg 225w, https:\/\/www.liuha.fi\/keslem\/wp-content\/uploads\/2016\/04\/kirjoja-150x100.jpg 150w, https:\/\/www.liuha.fi\/keslem\/wp-content\/uploads\/2016\/04\/kirjoja.jpg 2048w\" sizes=\"auto, (max-width: 300px) 100vw, 300px\" \/>Ihminen on kokonaisuus, joka oppii ja opiskelee koko el\u00e4m\u00e4nkaarensa ajan. Varhaiskasvatus, koulu, aikuisopiskelu ja ik\u00e4ihmisten karttuva kokemus tarvitsevat kaikki sopivalla tavalla viritetty\u00e4 kuntaa. Opettajat, vertaisohjaajat ja valmentajat ovat kasvamaan saattajia. Liikunta ja ajanmukaiset liikuntapaikat edist\u00e4v\u00e4t terveytt\u00e4 ja hyv\u00e4\u00e4 kuntoa. Uusi lukiokampus j\u00e4rven rannalla avaa ymp\u00e4rist\u00f6sivistyksen n\u00e4k\u00f6alat. Uuden kirjaston tulisi olla kunnan yhdess\u00e4 tekemisen syd\u00e4n.<br \/>\n<hr \/>\n<\/li>\n<li><strong>Mahdollistavampaa kaavoitusta ja joustavampaa rakentamista<\/strong>. Kaavoitus ei ole yksipuolista tulevaisuuden suunnittelua, jossa kaavoittajalla on aina tiedollinen ylivoima tai ainoa oikea mielipide. Haluamme mahdollistavaa kaavoitusta, joka perustuu jatkuvaan keskusteluun asukkaiden,<img loading=\"lazy\" decoding=\"async\" class=\"wp-image-667 alignleft\" src=\"https:\/\/www.liuha.fi\/keslem\/wp-content\/uploads\/2016\/04\/rakennuskaivurikuva-1024x683.jpg\" alt=\"rakennuskaivurikuva\" width=\"300\" height=\"200\" srcset=\"https:\/\/www.liuha.fi\/keslem\/wp-content\/uploads\/2016\/04\/rakennuskaivurikuva-1024x683.jpg 1024w, https:\/\/www.liuha.fi\/keslem\/wp-content\/uploads\/2016\/04\/rakennuskaivurikuva-300x200.jpg 300w, https:\/\/www.liuha.fi\/keslem\/wp-content\/uploads\/2016\/04\/rakennuskaivurikuva-768x512.jpg 768w, https:\/\/www.liuha.fi\/keslem\/wp-content\/uploads\/2016\/04\/rakennuskaivurikuva-225x150.jpg 225w, https:\/\/www.liuha.fi\/keslem\/wp-content\/uploads\/2016\/04\/rakennuskaivurikuva-150x100.jpg 150w, https:\/\/www.liuha.fi\/keslem\/wp-content\/uploads\/2016\/04\/rakennuskaivurikuva.jpg 2048w\" sizes=\"auto, (max-width: 300px) 100vw, 300px\" \/> maanomistajien ja kaavoittajien kesken. Haluamme kaavoitusta, joka pit\u00e4\u00e4 huolta yleisest\u00e4 edusta ja lainmukaisuudesta, mutta joka sallii tavallisen ihmisen p\u00e4\u00e4tt\u00e4v\u00e4n asumisestaan. Kyliin on voitava rakentaa siin\u00e4 kuin nauhataajamaan. Oikeutta asumiseen ja elinkeinojen harjoittamiseen omalla maalla on kunnioitettava. Jotta kaavoitus pystyy t\u00e4llaiseen toimintatapaan, sill\u00e4 on oltava riitt\u00e4v\u00e4t henkil\u00f6resurssit.<br \/>\n<hr \/>\n<\/li>\n<li><strong>Biossa on tulevaisuus<\/strong>. Tuemme biovoimaloiden rakentamista<img loading=\"lazy\" decoding=\"async\" class=\"size-medium wp-image-729 alignright\" src=\"https:\/\/www.liuha.fi\/keslem\/wp-content\/uploads\/2016\/04\/mets\u00e4\u00e4-300x200.jpg\" alt=\"\" width=\"300\" height=\"200\" srcset=\"https:\/\/www.liuha.fi\/keslem\/wp-content\/uploads\/2016\/04\/mets\u00e4\u00e4-300x200.jpg 300w, https:\/\/www.liuha.fi\/keslem\/wp-content\/uploads\/2016\/04\/mets\u00e4\u00e4-768x512.jpg 768w, https:\/\/www.liuha.fi\/keslem\/wp-content\/uploads\/2016\/04\/mets\u00e4\u00e4-1024x683.jpg 1024w, https:\/\/www.liuha.fi\/keslem\/wp-content\/uploads\/2016\/04\/mets\u00e4\u00e4-225x150.jpg 225w, https:\/\/www.liuha.fi\/keslem\/wp-content\/uploads\/2016\/04\/mets\u00e4\u00e4-150x100.jpg 150w, https:\/\/www.liuha.fi\/keslem\/wp-content\/uploads\/2016\/04\/mets\u00e4\u00e4.jpg 2048w\" sizes=\"auto, (max-width: 300px) 100vw, 300px\" \/> Lemp\u00e4\u00e4l\u00e4\u00e4n sek\u00e4 kunnan kaavailemia uuden energiatekniikan hankkeita. Kunnan kantaa keskusj\u00e4tevedenpuhdistamossa ohjatkoon n\u00e4kemys, ett\u00e4 putsarit tulevat jatkossa olemaan paitsi puhdistamoja, my\u00f6s lannoitetehtaita. L\u00e4hiruoalle on saatava tilaa julkisin hankintoihin.<br \/>\n<hr \/>\n<\/li>\n<li><strong>Tarkalla taloudenpidolla eteenp\u00e4in<\/strong>. L\u00f6ys\u00e4 ote k\u00e4ytt\u00f6menoihin k\u00f6yhdytt\u00e4\u00e4, mutta harkitut ja oikein ajoitetut investoinnit rakentavat yhteist\u00e4 hyv\u00e4\u00e4 jopa sukupolvien ajan. Lemp\u00e4\u00e4l\u00e4n on kyett\u00e4v\u00e4 muodostamaan oikein porrastettu investointipolku, joka koko ajan avaa tilaa my\u00f6s yksityisille investoinneille. Samalla on pidett\u00e4v\u00e4 huoli omatoimirahan kaltaisesta yhteis\u00f6jen toimintaa ruokkivasta budjettiosuudesta.<\/li>\n<\/ol>\n<p>&nbsp;<\/p>\n","protected":false},"excerpt":{"rendered":"<p>Lemp\u00e4\u00e4l\u00e4n Keskustan visio kotikuntamme kehitt\u00e4misess\u00e4 kiteytyy kuntavaaliohjelmassamme. Ohjelma hyv\u00e4ksyttiin syyskokouksessa 29.11.2016. Keskustan ytimess\u00e4 &#8211; Lemp\u00e4\u00e4l\u00e4 on yhdess\u00e4 vahva Me asukkaat olemme kunta. Kunta ei ole palvelukone. Kunta ei ole kunnanvirastojen henkil\u00f6st\u00f6. Kunta ei ole joulupukki, perinneyhdistys tai s\u00e4ngyn paikka. Kunta ei ole my\u00f6sk\u00e4\u00e4n bisnest\u00e4 yhteisill\u00e4 rahoilla. Kunta on asukkaidensa yhteis\u00f6, jolla on itsehallinto. Voimme yhdess\u00e4 tehd\u00e4 monenlaista hyv\u00e4\u00e4, kunhan keskustelemme,\u2026<\/p>\n<p> <a class=\"continue-reading-link\" href=\"https:\/\/www.liuha.fi\/keslem\/?page_id=216\"><span>Jatka lukemista<\/span><i class=\"crycon-right-dir\"><\/i><\/a> <\/p>\n","protected":false},"author":1,"featured_media":0,"parent":79,"menu_order":0,"comment_status":"closed","ping_status":"closed","template":"","meta":{"footnotes":""},"class_list":["post-216","page","type-page","status-publish","hentry"],"_links":{"self":[{"href":"https:\/\/www.liuha.fi\/keslem\/index.php?rest_route=\/wp\/v2\/pages\/216","targetHints":{"allow":["GET"]}}],"collection":[{"href":"https:\/\/www.liuha.fi\/keslem\/index.php?rest_route=\/wp\/v2\/pages"}],"about":[{"href":"https:\/\/www.liuha.fi\/keslem\/index.php?rest_route=\/wp\/v2\/types\/page"}],"author":[{"embeddable":true,"href":"https:\/\/www.liuha.fi\/keslem\/index.php?rest_route=\/wp\/v2\/users\/1"}],"replies":[{"embeddable":true,"href":"https:\/\/www.liuha.fi\/keslem\/index.php?rest_route=%2Fwp%2Fv2%2Fcomments&post=216"}],"version-history":[{"count":29,"href":"https:\/\/www.liuha.fi\/keslem\/index.php?rest_route=\/wp\/v2\/pages\/216\/revisions"}],"predecessor-version":[{"id":1237,"href":"https:\/\/www.liuha.fi\/keslem\/index.php?rest_route=\/wp\/v2\/pages\/216\/revisions\/1237"}],"up":[{"embeddable":true,"href":"https:\/\/www.liuha.fi\/keslem\/index.php?rest_route=\/wp\/v2\/pages\/79"}],"wp:attachment":[{"href":"https:\/\/www.liuha.fi\/keslem\/index.php?rest_route=%2Fwp%2Fv2%2Fmedia&parent=216"}],"curies":[{"name":"wp","href":"https:\/\/api.w.org\/{rel}","templated":true}]}}