{"id":1749,"date":"2022-01-04T03:14:19","date_gmt":"2022-01-04T03:14:19","guid":{"rendered":"https:\/\/www.liuha.fi\/keslem\/?page_id=1749"},"modified":"2026-02-18T22:50:14","modified_gmt":"2026-02-18T22:50:14","slug":"aluevaalit-2022","status":"publish","type":"page","link":"https:\/\/www.liuha.fi\/keslem\/?page_id=1749","title":{"rendered":"Ehdokkaamme aluevaaleissa"},"content":{"rendered":"\n<p>Keskustalaiset tekev\u00e4t Pirkanmalla ty\u00f6t\u00e4 aluevaaleihin 2025 asettamiemme tavoitteiden puolesta. Lemp\u00e4\u00e4l\u00e4n Keskusta tukee sit\u00e4 ty\u00f6t\u00e4 t\u00e4ydell\u00e4 syd\u00e4mell\u00e4 ja tulee olemaan aktiivinen my\u00f6s tulevien aluevaalien ehdokasasettelussa.  <\/p>\n\n\n\n<div style=\"height:20px\" aria-hidden=\"true\" class=\"wp-block-spacer\"><\/div>\n\n\n\n<p class=\"has-text-align-center has-medium-font-size\"><strong><em>L\u00e4helle<\/em><\/strong><strong><em> l\u00e4\u00e4k\u00e4riin, helposti hoitajalle!<\/em><\/strong><\/p>\n\n\n\n<p class=\"has-text-align-center\">1. Jokaiseen kuntaan v\u00e4hint\u00e4\u00e4n yksi sosiaali- ja terveysasema.<\/p>\n\n\n\n<p class=\"has-text-align-center\">2. Yhdell\u00e4 yhteydenotolla oikea-aikaiseen hoitoon tai pelastus paikalle nopeasti<\/p>\n\n\n\n<p class=\"has-text-align-center\">3. Parempi ty\u00f6arki ja ty\u00f6paikka henkil\u00f6st\u00f6lle.<\/p>\n\n\n\n<div style=\"height:30px\" aria-hidden=\"true\" class=\"wp-block-spacer\"><\/div>\n\n\n\n<div class=\"wp-block-columns is-layout-flex wp-container-core-columns-is-layout-9d6595d7 wp-block-columns-is-layout-flex\">\n<div class=\"wp-block-column is-layout-flow wp-block-column-is-layout-flow\">\n<figure class=\"wp-block-image size-large\"><a href=\"https:\/\/www.liuha.fi\/keslem\/wp-content\/uploads\/2022\/01\/teema_aluevaalit_laakariin_hoitajalle.png\"><img loading=\"lazy\" decoding=\"async\" width=\"1024\" height=\"264\" src=\"https:\/\/www.liuha.fi\/keslem\/wp-content\/uploads\/2022\/01\/teema_aluevaalit_laakariin_hoitajalle-1024x264.png\" alt=\"\" class=\"wp-image-1751\" srcset=\"https:\/\/www.liuha.fi\/keslem\/wp-content\/uploads\/2022\/01\/teema_aluevaalit_laakariin_hoitajalle-1024x264.png 1024w, https:\/\/www.liuha.fi\/keslem\/wp-content\/uploads\/2022\/01\/teema_aluevaalit_laakariin_hoitajalle-300x77.png 300w, https:\/\/www.liuha.fi\/keslem\/wp-content\/uploads\/2022\/01\/teema_aluevaalit_laakariin_hoitajalle-768x198.png 768w, https:\/\/www.liuha.fi\/keslem\/wp-content\/uploads\/2022\/01\/teema_aluevaalit_laakariin_hoitajalle-1536x395.png 1536w, https:\/\/www.liuha.fi\/keslem\/wp-content\/uploads\/2022\/01\/teema_aluevaalit_laakariin_hoitajalle-2048x527.png 2048w, https:\/\/www.liuha.fi\/keslem\/wp-content\/uploads\/2022\/01\/teema_aluevaalit_laakariin_hoitajalle-150x39.png 150w\" sizes=\"auto, (max-width: 1024px) 100vw, 1024px\" \/><\/a><\/figure>\n<\/div>\n\n\n\n<div class=\"wp-block-column is-layout-flow wp-block-column-is-layout-flow\">\n<figure class=\"wp-block-image size-large\"><a href=\"https:\/\/www.liuha.fi\/keslem\/wp-content\/uploads\/2022\/01\/teema_aluvaalit_ambulanssi_palokunta.png\"><img loading=\"lazy\" decoding=\"async\" width=\"1024\" height=\"264\" src=\"https:\/\/www.liuha.fi\/keslem\/wp-content\/uploads\/2022\/01\/teema_aluvaalit_ambulanssi_palokunta-1024x264.png\" alt=\"\" class=\"wp-image-1752\" srcset=\"https:\/\/www.liuha.fi\/keslem\/wp-content\/uploads\/2022\/01\/teema_aluvaalit_ambulanssi_palokunta-1024x264.png 1024w, https:\/\/www.liuha.fi\/keslem\/wp-content\/uploads\/2022\/01\/teema_aluvaalit_ambulanssi_palokunta-300x77.png 300w, https:\/\/www.liuha.fi\/keslem\/wp-content\/uploads\/2022\/01\/teema_aluvaalit_ambulanssi_palokunta-768x198.png 768w, https:\/\/www.liuha.fi\/keslem\/wp-content\/uploads\/2022\/01\/teema_aluvaalit_ambulanssi_palokunta-1536x395.png 1536w, https:\/\/www.liuha.fi\/keslem\/wp-content\/uploads\/2022\/01\/teema_aluvaalit_ambulanssi_palokunta-2048x527.png 2048w, https:\/\/www.liuha.fi\/keslem\/wp-content\/uploads\/2022\/01\/teema_aluvaalit_ambulanssi_palokunta-150x39.png 150w\" sizes=\"auto, (max-width: 1024px) 100vw, 1024px\" \/><\/a><\/figure>\n<\/div>\n<\/div>\n","protected":false},"excerpt":{"rendered":"<p>Keskustalaiset tekev\u00e4t Pirkanmalla ty\u00f6t\u00e4 aluevaaleihin 2025 asettamiemme tavoitteiden puolesta. Lemp\u00e4\u00e4l\u00e4n Keskusta tukee sit\u00e4 ty\u00f6t\u00e4 t\u00e4ydell\u00e4 syd\u00e4mell\u00e4 ja tulee olemaan aktiivinen my\u00f6s tulevien aluevaalien ehdokasasettelussa. L\u00e4helle l\u00e4\u00e4k\u00e4riin, helposti hoitajalle! 1. Jokaiseen kuntaan v\u00e4hint\u00e4\u00e4n yksi sosiaali- ja terveysasema. 2. Yhdell\u00e4 yhteydenotolla oikea-aikaiseen hoitoon tai pelastus paikalle nopeasti 3. Parempi ty\u00f6arki ja ty\u00f6paikka henkil\u00f6st\u00f6lle.<\/p>\n<p> <a class=\"continue-reading-link\" href=\"https:\/\/www.liuha.fi\/keslem\/?page_id=1749\"><span>Jatka lukemista<\/span><i class=\"crycon-right-dir\"><\/i><\/a> <\/p>\n","protected":false},"author":1,"featured_media":0,"parent":0,"menu_order":0,"comment_status":"closed","ping_status":"closed","template":"","meta":{"footnotes":""},"class_list":["post-1749","page","type-page","status-publish","hentry"],"_links":{"self":[{"href":"https:\/\/www.liuha.fi\/keslem\/index.php?rest_route=\/wp\/v2\/pages\/1749","targetHints":{"allow":["GET"]}}],"collection":[{"href":"https:\/\/www.liuha.fi\/keslem\/index.php?rest_route=\/wp\/v2\/pages"}],"about":[{"href":"https:\/\/www.liuha.fi\/keslem\/index.php?rest_route=\/wp\/v2\/types\/page"}],"author":[{"embeddable":true,"href":"https:\/\/www.liuha.fi\/keslem\/index.php?rest_route=\/wp\/v2\/users\/1"}],"replies":[{"embeddable":true,"href":"https:\/\/www.liuha.fi\/keslem\/index.php?rest_route=%2Fwp%2Fv2%2Fcomments&post=1749"}],"version-history":[{"count":18,"href":"https:\/\/www.liuha.fi\/keslem\/index.php?rest_route=\/wp\/v2\/pages\/1749\/revisions"}],"predecessor-version":[{"id":1921,"href":"https:\/\/www.liuha.fi\/keslem\/index.php?rest_route=\/wp\/v2\/pages\/1749\/revisions\/1921"}],"wp:attachment":[{"href":"https:\/\/www.liuha.fi\/keslem\/index.php?rest_route=%2Fwp%2Fv2%2Fmedia&parent=1749"}],"curies":[{"name":"wp","href":"https:\/\/api.w.org\/{rel}","templated":true}]}}