{"id":1709,"date":"2021-06-01T21:05:00","date_gmt":"2021-06-01T21:05:00","guid":{"rendered":"https:\/\/www.liuha.fi\/keslem\/?page_id=1709"},"modified":"2026-02-18T22:48:30","modified_gmt":"2026-02-18T22:48:30","slug":"lempaala-yhteinen-kotimme","status":"publish","type":"page","link":"https:\/\/www.liuha.fi\/keslem\/?page_id=1709","title":{"rendered":"Kuntavaalit"},"content":{"rendered":"\n<p>Lemp\u00e4\u00e4l\u00e4n Keskusta toivottaa tervetulleeksi uusia ehdokkuudesta tai muusta toiminnasta kiinnostuineita ihmisi\u00e4 koko vaalikauden ajan. Tule Sin\u00e4kin mukaan tekem\u00e4\u00e4n yhdess\u00e4 vastuullisesti hoidettua ja ihmisten tarpeita kuuntelevaa kotikuntaa tulevana ehdokkaana!<\/p>\n\n\n\n<p>Ehdokkaittemme tietosivut vaaleissa rakentuvat <a href=\"https:\/\/keskusta.fi\/kuntavaalit-2025\/ehdokkaat\/\">esittelysivustolle<\/a><\/p>\n\n\n\n<p>Valtuustoryhm\u00e4mme jatkaa vaaleista alkanutta ty\u00f6t\u00e4\u00e4n aktiivisesti ja t\u00e4ydell\u00e4 syd\u00e4mell\u00e4. Tietoa arvoistamme sek\u00e4 aikaisempia kauden tavoitteitamme l\u00f6yd\u00e4t mm. oheisesta lehdest\u00e4mme.<\/p>\n\n\n\n<p>Lemp\u00e4\u00e4l\u00e4 &#8211; yhteinen kotimme 1\/2021 <\/p>\n\n\n\n<div style=\"height:23px\" aria-hidden=\"true\" class=\"wp-block-spacer\"><\/div>\n\n\n\n<figure class=\"wp-block-image size-large is-resized is-style-default\"><a href=\"http:\/\/digilehdet.sanomapaino.fi\/a0781624-4068-4739-9b59-85c8866a649a\/1\" target=\"_blank\" rel=\"noopener\"><img loading=\"lazy\" decoding=\"async\" width=\"1024\" height=\"970\" src=\"https:\/\/www.liuha.fi\/keslem\/wp-content\/uploads\/2021\/06\/lehden-kansi-1024x970.jpg\" alt=\"\" class=\"wp-image-1713\" style=\"width:426px;height:403px\" srcset=\"https:\/\/www.liuha.fi\/keslem\/wp-content\/uploads\/2021\/06\/lehden-kansi-1024x970.jpg 1024w, https:\/\/www.liuha.fi\/keslem\/wp-content\/uploads\/2021\/06\/lehden-kansi-300x284.jpg 300w, https:\/\/www.liuha.fi\/keslem\/wp-content\/uploads\/2021\/06\/lehden-kansi-768x727.jpg 768w, https:\/\/www.liuha.fi\/keslem\/wp-content\/uploads\/2021\/06\/lehden-kansi-150x142.jpg 150w, https:\/\/www.liuha.fi\/keslem\/wp-content\/uploads\/2021\/06\/lehden-kansi.jpg 1414w\" sizes=\"auto, (max-width: 1024px) 100vw, 1024px\" \/><\/a><\/figure>\n\n\n\n<p>Uusi lehtemme on jaettu Lemp\u00e4\u00e4l\u00e4ss\u00e4 27.5.2021 Voi lukea sen my\u00f6s verkossa <br><a href=\"http:\/\/digilehdet.sanomapaino.fi\/a0781624-4068-4739-9b59-85c8866a649a\/1\" target=\"_blank\" rel=\"noreferrer noopener\">http:\/\/digilehdet.sanomapaino.fi\/a0781624-4068-4739-9b59-85c8866a649a\/1<\/a><\/p>\n\n\n\n<p>Lehden ristikon ratkaisun l\u00f6yd\u00e4t klikkaamalla <a href=\"https:\/\/www.liuha.fi\/keslem\/wp-content\/uploads\/2021\/06\/ristikon-ratkaisu-2.png\" target=\"_blank\" rel=\"noreferrer noopener\">t\u00e4st\u00e4<\/a><\/p>\n","protected":false},"excerpt":{"rendered":"<p>Lemp\u00e4\u00e4l\u00e4n Keskusta toivottaa tervetulleeksi uusia ehdokkuudesta tai muusta toiminnasta kiinnostuineita ihmisi\u00e4 koko vaalikauden ajan. Tule Sin\u00e4kin mukaan tekem\u00e4\u00e4n yhdess\u00e4 vastuullisesti hoidettua ja ihmisten tarpeita kuuntelevaa kotikuntaa tulevana ehdokkaana! Ehdokkaittemme tietosivut vaaleissa rakentuvat esittelysivustolle Valtuustoryhm\u00e4mme jatkaa vaaleista alkanutta ty\u00f6t\u00e4\u00e4n aktiivisesti ja t\u00e4ydell\u00e4 syd\u00e4mell\u00e4. Tietoa arvoistamme sek\u00e4 aikaisempia kauden tavoitteitamme l\u00f6yd\u00e4t mm. oheisesta lehdest\u00e4mme. Lemp\u00e4\u00e4l\u00e4 &#8211; yhteinen kotimme 1\/2021 Uusi lehtemme on\u2026<\/p>\n<p> <a class=\"continue-reading-link\" href=\"https:\/\/www.liuha.fi\/keslem\/?page_id=1709\"><span>Jatka lukemista<\/span><i class=\"crycon-right-dir\"><\/i><\/a> <\/p>\n","protected":false},"author":1,"featured_media":0,"parent":0,"menu_order":0,"comment_status":"closed","ping_status":"closed","template":"","meta":{"footnotes":""},"class_list":["post-1709","page","type-page","status-publish","hentry"],"_links":{"self":[{"href":"https:\/\/www.liuha.fi\/keslem\/index.php?rest_route=\/wp\/v2\/pages\/1709","targetHints":{"allow":["GET"]}}],"collection":[{"href":"https:\/\/www.liuha.fi\/keslem\/index.php?rest_route=\/wp\/v2\/pages"}],"about":[{"href":"https:\/\/www.liuha.fi\/keslem\/index.php?rest_route=\/wp\/v2\/types\/page"}],"author":[{"embeddable":true,"href":"https:\/\/www.liuha.fi\/keslem\/index.php?rest_route=\/wp\/v2\/users\/1"}],"replies":[{"embeddable":true,"href":"https:\/\/www.liuha.fi\/keslem\/index.php?rest_route=%2Fwp%2Fv2%2Fcomments&post=1709"}],"version-history":[{"count":10,"href":"https:\/\/www.liuha.fi\/keslem\/index.php?rest_route=\/wp\/v2\/pages\/1709\/revisions"}],"predecessor-version":[{"id":1919,"href":"https:\/\/www.liuha.fi\/keslem\/index.php?rest_route=\/wp\/v2\/pages\/1709\/revisions\/1919"}],"wp:attachment":[{"href":"https:\/\/www.liuha.fi\/keslem\/index.php?rest_route=%2Fwp%2Fv2%2Fmedia&parent=1709"}],"curies":[{"name":"wp","href":"https:\/\/api.w.org\/{rel}","templated":true}]}}