{"id":1690,"date":"2021-05-19T10:10:53","date_gmt":"2021-05-19T10:10:53","guid":{"rendered":"http:\/\/www.liuha.fi\/keslem\/?page_id=1690"},"modified":"2021-05-19T10:13:58","modified_gmt":"2021-05-19T10:13:58","slug":"tavoitteitamme-kunnassa","status":"publish","type":"page","link":"https:\/\/www.liuha.fi\/keslem\/?page_id=1690","title":{"rendered":"Tavoitteitamme Lemp\u00e4\u00e4l\u00e4ss\u00e4"},"content":{"rendered":"\n<hr class=\"wp-block-separator\"\/>\n\n\n\n<blockquote class=\"wp-block-quote is-layout-flow wp-block-quote-is-layout-flow\"><p>Kuntap\u00e4\u00e4tt\u00e4j\u00e4t ratkaisevat palvelujen saatavuuden ohella sen, millaisella asenteella ihmisten toiveisiinsa ja tarpeisiinsa vastataan arjessa. Vaaleissa jokaisella on arvokas oikeus valita!<\/p><\/blockquote>\n\n\n\n<hr class=\"wp-block-separator\"\/>\n\n\n\n<h3 class=\"has-text-align-center wp-block-heading\">Luotettavat lapsiyst\u00e4v\u00e4lliset palvelut<\/h3>\n\n\n\n<hr class=\"wp-block-separator\"\/>\n\n\n\n<div class=\"wp-block-media-text alignwide has-media-on-the-right is-stacked-on-mobile\" style=\"grid-template-columns:auto 42%\"><figure class=\"wp-block-media-text__media\"><img loading=\"lazy\" decoding=\"async\" width=\"876\" height=\"699\" src=\"https:\/\/www.liuha.fi\/keslem\/wp-content\/uploads\/2021\/05\/Apila_kukkapelto.png\" alt=\"\" class=\"wp-image-1618 size-full\" srcset=\"https:\/\/www.liuha.fi\/keslem\/wp-content\/uploads\/2021\/05\/Apila_kukkapelto.png 876w, https:\/\/www.liuha.fi\/keslem\/wp-content\/uploads\/2021\/05\/Apila_kukkapelto-300x239.png 300w, https:\/\/www.liuha.fi\/keslem\/wp-content\/uploads\/2021\/05\/Apila_kukkapelto-768x613.png 768w, https:\/\/www.liuha.fi\/keslem\/wp-content\/uploads\/2021\/05\/Apila_kukkapelto-150x120.png 150w\" sizes=\"auto, (max-width: 876px) 100vw, 876px\" \/><\/figure><div class=\"wp-block-media-text__content\">\n<p><em>L\u00e4hikouluja kehitet\u00e4\u00e4n koko kunnassa ja jokaisella lapsella on oikeus turvalliseen koulup\u00e4iv\u00e4\u00e4n ja -matkaan<br><\/em><em><br><\/em><em>L\u00e4\u00e4k\u00e4riin pit\u00e4\u00e4 p\u00e4\u00e4st\u00e4 sujuvasti ja iltaisinkin<\/em><\/p>\n\n\n\n<p><em>Perheiden ja lasten tuki alkaa neuvolasta jatkuen l\u00e4pi p\u00e4iv\u00e4hoidon ja kouluvuosien<\/em><\/p>\n\n\n\n<p><em>Varmistetaan perheiden&nbsp; valinnanvapaus hoitomuodon ja \u2013paikan osalta koko kunnassa my\u00f6s palvelusetelin avulla.<\/em><\/p>\n\n\n\n<p><em>Apua pit\u00e4\u00e4 saada kotiin my\u00f6s omaishoitajille ja turvallinen hoivapaikka, kun sen tarve tulee.&nbsp;&nbsp;<\/em><\/p>\n<\/div><\/div>\n\n\n\n<h3 class=\"has-text-align-center wp-block-heading\">Toimiva kunta<\/h3>\n\n\n\n<hr class=\"wp-block-separator\"\/>\n\n\n\n<div class=\"wp-block-media-text alignwide is-stacked-on-mobile\" style=\"grid-template-columns:42% auto\"><figure class=\"wp-block-media-text__media\"><img loading=\"lazy\" decoding=\"async\" width=\"883\" height=\"662\" src=\"https:\/\/www.liuha.fi\/keslem\/wp-content\/uploads\/2021\/05\/Apila_rakennus.png\" alt=\"\" class=\"wp-image-1620 size-full\" srcset=\"https:\/\/www.liuha.fi\/keslem\/wp-content\/uploads\/2021\/05\/Apila_rakennus.png 883w, https:\/\/www.liuha.fi\/keslem\/wp-content\/uploads\/2021\/05\/Apila_rakennus-300x225.png 300w, https:\/\/www.liuha.fi\/keslem\/wp-content\/uploads\/2021\/05\/Apila_rakennus-768x576.png 768w, https:\/\/www.liuha.fi\/keslem\/wp-content\/uploads\/2021\/05\/Apila_rakennus-150x112.png 150w\" sizes=\"auto, (max-width: 883px) 100vw, 883px\" \/><\/figure><div class=\"wp-block-media-text__content\">\n<p><em>Opitaan korona-ajasta!&nbsp; Otetaan esteet\u00f6n et\u00e4osallistuminen fyysisten kokousten, yleis\u00f6- ja asukastilaisuuksien vakik\u00e4yt\u00e4nn\u00f6ksi<\/em><\/p>\n\n\n\n<p><em>Liikennebiokaasun jakelupisteet saatava Lempoisiin ja Marjam\u00e4keen<\/em><\/p>\n\n\n\n<p><em>S\u00e4\u00e4ksj\u00e4rvelle on saatava tasokas l\u00e4hijunaseisake<\/em><\/p>\n\n\n\n<p><em>Moottoritien varteen uusia yritysalueita<\/em><\/p>\n\n\n\n<p><em>Edist\u00e4mme Ideaparkin alueen elinvoimaa<\/em><\/p>\n\n\n\n<p><em>Kanavan ja sataman alueita on kehitett\u00e4v\u00e4 viihtyisiksi<\/em><\/p>\n<\/div><\/div>\n\n\n\n<h3 class=\"has-text-align-center wp-block-heading\">Vire\u00e4 yhteis\u00f6<\/h3>\n\n\n\n<hr class=\"wp-block-separator\"\/>\n\n\n\n<div class=\"wp-block-media-text alignwide has-media-on-the-right is-stacked-on-mobile\" style=\"grid-template-columns:auto 42%\"><figure class=\"wp-block-media-text__media\"><img loading=\"lazy\" decoding=\"async\" width=\"911\" height=\"683\" src=\"https:\/\/www.liuha.fi\/keslem\/wp-content\/uploads\/2021\/05\/Apila_tulkku.png\" alt=\"\" class=\"wp-image-1621 size-full\" srcset=\"https:\/\/www.liuha.fi\/keslem\/wp-content\/uploads\/2021\/05\/Apila_tulkku.png 911w, https:\/\/www.liuha.fi\/keslem\/wp-content\/uploads\/2021\/05\/Apila_tulkku-300x225.png 300w, https:\/\/www.liuha.fi\/keslem\/wp-content\/uploads\/2021\/05\/Apila_tulkku-768x576.png 768w, https:\/\/www.liuha.fi\/keslem\/wp-content\/uploads\/2021\/05\/Apila_tulkku-150x112.png 150w\" sizes=\"auto, (max-width: 911px) 100vw, 911px\" \/><\/figure><div class=\"wp-block-media-text__content\">\n<p><em>P\u00e4\u00e4t\u00f6ksenteko on avointa ja&nbsp; kuntalaisia kuunnellaan&nbsp;<br><br>Yhdistysten ja kunnan kumppanuutta mm. liikunnan harrastamisessa on vahvistettava<\/em><\/p>\n\n\n\n<p><em>Lasten ja nuorten harrastuksiin ohjaajatukea kerhotoimintaan<\/em><\/p>\n\n\n\n<p><em>Ik\u00e4ihmisten ja vammaisten kerhotoimintaa tuetaan<\/em><\/p>\n\n\n\n<p><em>Urheilutapahtumat ovat kuntalaisten ja kunnan etu. Edist\u00e4mme niiden saamista Lemp\u00e4\u00e4l\u00e4\u00e4n<\/em><\/p>\n<\/div><\/div>\n\n\n\n<h3 class=\"has-text-align-center wp-block-heading\">Vihre\u00e4 ymp\u00e4rist\u00f6<\/h3>\n\n\n\n<hr class=\"wp-block-separator\"\/>\n\n\n\n<div class=\"wp-block-media-text alignwide is-stacked-on-mobile\" style=\"grid-template-columns:42% auto\"><figure class=\"wp-block-media-text__media\"><img loading=\"lazy\" decoding=\"async\" width=\"580\" height=\"435\" src=\"https:\/\/www.liuha.fi\/keslem\/wp-content\/uploads\/2021\/05\/Apila_rantatukilla.png\" alt=\"\" class=\"wp-image-1622 size-full\" srcset=\"https:\/\/www.liuha.fi\/keslem\/wp-content\/uploads\/2021\/05\/Apila_rantatukilla.png 580w, https:\/\/www.liuha.fi\/keslem\/wp-content\/uploads\/2021\/05\/Apila_rantatukilla-300x225.png 300w, https:\/\/www.liuha.fi\/keslem\/wp-content\/uploads\/2021\/05\/Apila_rantatukilla-150x113.png 150w\" sizes=\"auto, (max-width: 580px) 100vw, 580px\" \/><\/figure><div class=\"wp-block-media-text__content\">\n<p><em>Lis\u00e4t\u00e4\u00e4n omakoti- ja rivitalotontteja kysynt\u00e4\u00e4 vastaavasti ja&nbsp; l\u00e4hiluonto s\u00e4ilytt\u00e4en<\/em><\/p>\n\n\n\n<p><em>Kyl\u00e4t tarjoavat asumisen vaihtoehdon, jota toteutetaan mm. kyl\u00e4kaavoilla ja joustavalla lupapolitiikalla.&nbsp; Kyl\u00e4koulut kehittyv\u00e4t elinvoimaisina<\/em><\/p>\n\n\n\n<p><em>K\u00e4yt\u00e4mme vastuullisesti tuotettua l\u00e4hiruokaa ja uusiutuvia kotimaisia energianl\u00e4hteit\u00e4<br><\/em><em><br><\/em><em>Kunnan mets\u00e4t on luokiteltava puistometsiksi, talousmetsiksi ja s\u00e4\u00e4st\u00f6metsiksi, ja jokaisella kategorialle omat mets\u00e4nk\u00e4sittelys\u00e4\u00e4nt\u00f6ns\u00e4<\/em><\/p>\n<\/div><\/div>\n","protected":false},"excerpt":{"rendered":"<p>Kuntap\u00e4\u00e4tt\u00e4j\u00e4t ratkaisevat palvelujen saatavuuden ohella sen, millaisella asenteella ihmisten toiveisiinsa ja tarpeisiinsa vastataan arjessa. Vaaleissa jokaisella on arvokas oikeus valita! Luotettavat lapsiyst\u00e4v\u00e4lliset palvelut L\u00e4hikouluja kehitet\u00e4\u00e4n koko kunnassa ja jokaisella lapsella on oikeus turvalliseen koulup\u00e4iv\u00e4\u00e4n ja -matkaanL\u00e4\u00e4k\u00e4riin pit\u00e4\u00e4 p\u00e4\u00e4st\u00e4 sujuvasti ja iltaisinkin Perheiden ja lasten tuki alkaa neuvolasta jatkuen l\u00e4pi p\u00e4iv\u00e4hoidon ja kouluvuosien Varmistetaan perheiden&nbsp; valinnanvapaus hoitomuodon ja \u2013paikan osalta koko\u2026<\/p>\n<p> <a class=\"continue-reading-link\" href=\"https:\/\/www.liuha.fi\/keslem\/?page_id=1690\"><span>Jatka lukemista<\/span><i class=\"crycon-right-dir\"><\/i><\/a> <\/p>\n","protected":false},"author":1,"featured_media":0,"parent":0,"menu_order":0,"comment_status":"closed","ping_status":"closed","template":"","meta":{"footnotes":""},"class_list":["post-1690","page","type-page","status-publish","hentry"],"_links":{"self":[{"href":"https:\/\/www.liuha.fi\/keslem\/index.php?rest_route=\/wp\/v2\/pages\/1690","targetHints":{"allow":["GET"]}}],"collection":[{"href":"https:\/\/www.liuha.fi\/keslem\/index.php?rest_route=\/wp\/v2\/pages"}],"about":[{"href":"https:\/\/www.liuha.fi\/keslem\/index.php?rest_route=\/wp\/v2\/types\/page"}],"author":[{"embeddable":true,"href":"https:\/\/www.liuha.fi\/keslem\/index.php?rest_route=\/wp\/v2\/users\/1"}],"replies":[{"embeddable":true,"href":"https:\/\/www.liuha.fi\/keslem\/index.php?rest_route=%2Fwp%2Fv2%2Fcomments&post=1690"}],"version-history":[{"count":2,"href":"https:\/\/www.liuha.fi\/keslem\/index.php?rest_route=\/wp\/v2\/pages\/1690\/revisions"}],"predecessor-version":[{"id":1695,"href":"https:\/\/www.liuha.fi\/keslem\/index.php?rest_route=\/wp\/v2\/pages\/1690\/revisions\/1695"}],"wp:attachment":[{"href":"https:\/\/www.liuha.fi\/keslem\/index.php?rest_route=%2Fwp%2Fv2%2Fmedia&parent=1690"}],"curies":[{"name":"wp","href":"https:\/\/api.w.org\/{rel}","templated":true}]}}