{"id":1626,"date":"2021-05-18T23:01:54","date_gmt":"2021-05-18T23:01:54","guid":{"rendered":"http:\/\/www.liuha.fi\/keslem\/?page_id=1626"},"modified":"2026-02-18T21:57:08","modified_gmt":"2026-02-18T21:57:08","slug":"ajatuksiamme-lempaalan-kehittamisesta","status":"publish","type":"page","link":"https:\/\/www.liuha.fi\/keslem\/","title":{"rendered":""},"content":{"rendered":"\n<hr class=\"wp-block-separator has-text-color has-luminous-vivid-amber-color has-css-opacity has-luminous-vivid-amber-background-color has-background is-style-default\"\/>\n\n\n\n<h1 class=\"wp-block-heading has-text-align-center\">Tervetuloa tutustumaan meihin. Valitse Lemp\u00e4\u00e4l\u00e4n Keskusta ja liity joukkoomme!<\/h1>\n\n\n\n<p class=\"has-text-align-center\">Keskustan luottamushenkil\u00f6t tekev\u00e4t aktiivisesti t\u00f6it\u00e4 inhimillisemm\u00e4n ja ihmisl\u00e4ht\u00f6isemm\u00e4n palvelun puolesta. Meille keskeist\u00e4 on kuntalaismy\u00f6nteisen n\u00e4k\u00f6kulman vieminen viranomaistoimintaan kautta linjan. Haluamme edist\u00e4\u00e4 jatkossakin my\u00f6s ihmisten vapautta tehd\u00e4 omia valintoja, oikeutta rakentaa ja toteuttaa tarpeitaan sek\u00e4 haaveitaan turvallisessa Lemp\u00e4\u00e4l\u00e4ss\u00e4. Ota yhteytt\u00e4 ja kerro omista toiveistasi kunnan p\u00e4\u00e4t\u00f6ksentekoon!<\/p>\n\n\n\n<p class=\"has-text-align-center\">L\u00e4mmin kiitos kaikille tukijoillemme kuntavaaleissa! Valtuustoryhm\u00e4mme kasvoi 2025 alkavalle kaudelle kahdeksaan valtuutettuun. Ty\u00f6 jatkuu uudella aktiivisella joukkueella!<\/p>\n\n\n<div class=\"wp-block-image\">\n<figure class=\"aligncenter size-large\"><a href=\"https:\/\/www.liuha.fi\/keslem\/wp-content\/uploads\/2025\/03\/Lempaalan_Keskusta_ehdokkaat_2025.jpg\"><img loading=\"lazy\" decoding=\"async\" width=\"744\" height=\"1024\" src=\"https:\/\/www.liuha.fi\/keslem\/wp-content\/uploads\/2025\/03\/Lempaalan_Keskusta_ehdokkaat_2025-744x1024.jpg\" alt=\"\" class=\"wp-image-1895\" srcset=\"https:\/\/www.liuha.fi\/keslem\/wp-content\/uploads\/2025\/03\/Lempaalan_Keskusta_ehdokkaat_2025-744x1024.jpg 744w, https:\/\/www.liuha.fi\/keslem\/wp-content\/uploads\/2025\/03\/Lempaalan_Keskusta_ehdokkaat_2025-218x300.jpg 218w, https:\/\/www.liuha.fi\/keslem\/wp-content\/uploads\/2025\/03\/Lempaalan_Keskusta_ehdokkaat_2025-768x1058.jpg 768w, https:\/\/www.liuha.fi\/keslem\/wp-content\/uploads\/2025\/03\/Lempaalan_Keskusta_ehdokkaat_2025-109x150.jpg 109w, https:\/\/www.liuha.fi\/keslem\/wp-content\/uploads\/2025\/03\/Lempaalan_Keskusta_ehdokkaat_2025.jpg 1002w\" sizes=\"auto, (max-width: 744px) 100vw, 744px\" \/><\/a><\/figure>\n<\/div>\n\n\n<blockquote class=\"wp-block-quote is-layout-flow wp-block-quote-is-layout-flow\">\n<p class=\"has-text-align-center\"><\/p>\n<\/blockquote>\n\n\n\n<hr class=\"wp-block-separator has-css-opacity\"\/>\n\n\n\n<p><\/p>\n","protected":false},"excerpt":{"rendered":"<p>Tervetuloa tutustumaan meihin. Valitse Lemp\u00e4\u00e4l\u00e4n Keskusta ja liity joukkoomme! Keskustan luottamushenkil\u00f6t tekev\u00e4t aktiivisesti t\u00f6it\u00e4 inhimillisemm\u00e4n ja ihmisl\u00e4ht\u00f6isemm\u00e4n palvelun puolesta. Meille keskeist\u00e4 on kuntalaismy\u00f6nteisen n\u00e4k\u00f6kulman vieminen viranomaistoimintaan kautta linjan. Haluamme edist\u00e4\u00e4 jatkossakin my\u00f6s ihmisten vapautta tehd\u00e4 omia valintoja, oikeutta rakentaa ja toteuttaa tarpeitaan sek\u00e4 haaveitaan turvallisessa Lemp\u00e4\u00e4l\u00e4ss\u00e4. Ota yhteytt\u00e4 ja kerro omista toiveistasi kunnan p\u00e4\u00e4t\u00f6ksentekoon! L\u00e4mmin kiitos kaikille tukijoillemme kuntavaaleissa! Valtuustoryhm\u00e4mme\u2026<\/p>\n<p> <a class=\"continue-reading-link\" href=\"https:\/\/www.liuha.fi\/keslem\/\"><span>Jatka lukemista<\/span><i class=\"crycon-right-dir\"><\/i><\/a> <\/p>\n","protected":false},"author":1,"featured_media":0,"parent":0,"menu_order":0,"comment_status":"closed","ping_status":"closed","template":"","meta":{"footnotes":""},"class_list":["post-1626","page","type-page","status-publish","hentry"],"_links":{"self":[{"href":"https:\/\/www.liuha.fi\/keslem\/index.php?rest_route=\/wp\/v2\/pages\/1626","targetHints":{"allow":["GET"]}}],"collection":[{"href":"https:\/\/www.liuha.fi\/keslem\/index.php?rest_route=\/wp\/v2\/pages"}],"about":[{"href":"https:\/\/www.liuha.fi\/keslem\/index.php?rest_route=\/wp\/v2\/types\/page"}],"author":[{"embeddable":true,"href":"https:\/\/www.liuha.fi\/keslem\/index.php?rest_route=\/wp\/v2\/users\/1"}],"replies":[{"embeddable":true,"href":"https:\/\/www.liuha.fi\/keslem\/index.php?rest_route=%2Fwp%2Fv2%2Fcomments&post=1626"}],"version-history":[{"count":58,"href":"https:\/\/www.liuha.fi\/keslem\/index.php?rest_route=\/wp\/v2\/pages\/1626\/revisions"}],"predecessor-version":[{"id":1900,"href":"https:\/\/www.liuha.fi\/keslem\/index.php?rest_route=\/wp\/v2\/pages\/1626\/revisions\/1900"}],"wp:attachment":[{"href":"https:\/\/www.liuha.fi\/keslem\/index.php?rest_route=%2Fwp%2Fv2%2Fmedia&parent=1626"}],"curies":[{"name":"wp","href":"https:\/\/api.w.org\/{rel}","templated":true}]}}