{"id":159,"date":"2016-04-11T07:53:09","date_gmt":"2016-04-11T07:53:09","guid":{"rendered":"http:\/\/www.liuha.fi\/keslem\/?page_id=159"},"modified":"2026-02-18T22:25:02","modified_gmt":"2026-02-18T22:25:02","slug":"yhtioissa","status":"publish","type":"page","link":"https:\/\/www.liuha.fi\/keslem\/?page_id=159","title":{"rendered":"Yhti\u00f6iss\u00e4"},"content":{"rendered":"<p>\u00a0<\/p>\n<p><strong>Lekitek Oy;n hallitus<\/strong><\/p>\n<p>Mikko J\u00e4rvi<\/p>\n<p><strong>Lemp\u00e4\u00e4l\u00e4n Kehitys Oy:n hallitus<\/strong><\/p>\n<p>Jukka Vitikka<\/p>\n<p><strong>Lemp\u00e4\u00e4l\u00e4n L\u00e4mp\u00f6 Oy<br \/><\/strong><\/p>\n<p>Ville Tirkkonen (pj.)<\/p>\n<p><strong>Lempon Parkki Oy:n hallitus<\/strong><\/p>\n<p>Valeria Seraya-Rautaneva<\/p>\n<p><strong>Lempon Parkkikiinteist\u00f6t Oy:n hallitus<\/strong><\/p>\n<p>Valeria Seraya-Rautaneva<\/p>\n<p><strong>Lemp\u00e4\u00e4l\u00e4n Kuntakiinteist\u00f6t Oy<\/strong><\/p>\n<p>Jukka Vuori (pj.)<\/p>\n<p><strong>Lemp\u00e4\u00e4l\u00e4n Vesi Oy<\/strong><\/p>\n<p>Tuija Korhonen<\/p>\n<p>Ismo Korkatti<\/p>\n<p>\u00a0<\/p>\n\n\n<p><\/p>\n","protected":false},"excerpt":{"rendered":"<p>\u00a0 Lekitek Oy;n hallitus Mikko J\u00e4rvi Lemp\u00e4\u00e4l\u00e4n Kehitys Oy:n hallitus Jukka Vitikka Lemp\u00e4\u00e4l\u00e4n L\u00e4mp\u00f6 Oy Ville Tirkkonen (pj.) Lempon Parkki Oy:n hallitus Valeria Seraya-Rautaneva Lempon Parkkikiinteist\u00f6t Oy:n hallitus Valeria Seraya-Rautaneva Lemp\u00e4\u00e4l\u00e4n Kuntakiinteist\u00f6t Oy Jukka Vuori (pj.) Lemp\u00e4\u00e4l\u00e4n Vesi Oy Tuija Korhonen Ismo Korkatti \u00a0<\/p>\n<p> <a class=\"continue-reading-link\" href=\"https:\/\/www.liuha.fi\/keslem\/?page_id=159\"><span>Jatka lukemista<\/span><i class=\"crycon-right-dir\"><\/i><\/a> <\/p>\n","protected":false},"author":1,"featured_media":0,"parent":0,"menu_order":0,"comment_status":"closed","ping_status":"closed","template":"","meta":{"footnotes":""},"class_list":["post-159","page","type-page","status-publish","hentry"],"_links":{"self":[{"href":"https:\/\/www.liuha.fi\/keslem\/index.php?rest_route=\/wp\/v2\/pages\/159","targetHints":{"allow":["GET"]}}],"collection":[{"href":"https:\/\/www.liuha.fi\/keslem\/index.php?rest_route=\/wp\/v2\/pages"}],"about":[{"href":"https:\/\/www.liuha.fi\/keslem\/index.php?rest_route=\/wp\/v2\/types\/page"}],"author":[{"embeddable":true,"href":"https:\/\/www.liuha.fi\/keslem\/index.php?rest_route=\/wp\/v2\/users\/1"}],"replies":[{"embeddable":true,"href":"https:\/\/www.liuha.fi\/keslem\/index.php?rest_route=%2Fwp%2Fv2%2Fcomments&post=159"}],"version-history":[{"count":11,"href":"https:\/\/www.liuha.fi\/keslem\/index.php?rest_route=\/wp\/v2\/pages\/159\/revisions"}],"predecessor-version":[{"id":1910,"href":"https:\/\/www.liuha.fi\/keslem\/index.php?rest_route=\/wp\/v2\/pages\/159\/revisions\/1910"}],"wp:attachment":[{"href":"https:\/\/www.liuha.fi\/keslem\/index.php?rest_route=%2Fwp%2Fv2%2Fmedia&parent=159"}],"curies":[{"name":"wp","href":"https:\/\/api.w.org\/{rel}","templated":true}]}}