{"id":155,"date":"2016-04-11T07:50:07","date_gmt":"2016-04-11T07:50:07","guid":{"rendered":"http:\/\/www.liuha.fi\/keslem\/?page_id=155"},"modified":"2016-10-18T15:59:28","modified_gmt":"2016-10-18T15:59:28","slug":"keskustayrittajat","status":"publish","type":"page","link":"https:\/\/www.liuha.fi\/keslem\/?page_id=155","title":{"rendered":"Keskustayritt\u00e4j\u00e4t"},"content":{"rendered":"<p>Keskustalaisia yritt\u00e4ji\u00e4 toimii eri puolilla Suomea aktiivisesti ja Keskusta on vahva yritt\u00e4j\u00e4puolue.<\/p>\n<p>Keskustaj\u00e4rjest\u00f6ihin kuuluu my\u00f6s oma yritt\u00e4j\u00e4j\u00e4rjest\u00f6 Suomen Keskustayritt\u00e4j\u00e4t ry.<\/p>\n<p>Lis\u00e4tietoa toiminnasta ja j\u00e4senyydest\u00e4 l\u00f6yd\u00e4t soitteesta <a href=\"http:\/\/www.keskustayrittajat.fi\" target=\"_blank\">www.keskustayrittajat.fi<\/a>.<\/p>\n","protected":false},"excerpt":{"rendered":"<p>Keskustalaisia yritt\u00e4ji\u00e4 toimii eri puolilla Suomea aktiivisesti ja Keskusta on vahva yritt\u00e4j\u00e4puolue. Keskustaj\u00e4rjest\u00f6ihin kuuluu my\u00f6s oma yritt\u00e4j\u00e4j\u00e4rjest\u00f6 Suomen Keskustayritt\u00e4j\u00e4t ry. Lis\u00e4tietoa toiminnasta ja j\u00e4senyydest\u00e4 l\u00f6yd\u00e4t soitteesta www.keskustayrittajat.fi.<\/p>\n<p> <a class=\"continue-reading-link\" href=\"https:\/\/www.liuha.fi\/keslem\/?page_id=155\"><span>Jatka lukemista<\/span><i class=\"crycon-right-dir\"><\/i><\/a> <\/p>\n","protected":false},"author":1,"featured_media":0,"parent":100,"menu_order":0,"comment_status":"closed","ping_status":"closed","template":"","meta":{"footnotes":""},"class_list":["post-155","page","type-page","status-publish","hentry"],"_links":{"self":[{"href":"https:\/\/www.liuha.fi\/keslem\/index.php?rest_route=\/wp\/v2\/pages\/155","targetHints":{"allow":["GET"]}}],"collection":[{"href":"https:\/\/www.liuha.fi\/keslem\/index.php?rest_route=\/wp\/v2\/pages"}],"about":[{"href":"https:\/\/www.liuha.fi\/keslem\/index.php?rest_route=\/wp\/v2\/types\/page"}],"author":[{"embeddable":true,"href":"https:\/\/www.liuha.fi\/keslem\/index.php?rest_route=\/wp\/v2\/users\/1"}],"replies":[{"embeddable":true,"href":"https:\/\/www.liuha.fi\/keslem\/index.php?rest_route=%2Fwp%2Fv2%2Fcomments&post=155"}],"version-history":[{"count":3,"href":"https:\/\/www.liuha.fi\/keslem\/index.php?rest_route=\/wp\/v2\/pages\/155\/revisions"}],"predecessor-version":[{"id":543,"href":"https:\/\/www.liuha.fi\/keslem\/index.php?rest_route=\/wp\/v2\/pages\/155\/revisions\/543"}],"up":[{"embeddable":true,"href":"https:\/\/www.liuha.fi\/keslem\/index.php?rest_route=\/wp\/v2\/pages\/100"}],"wp:attachment":[{"href":"https:\/\/www.liuha.fi\/keslem\/index.php?rest_route=%2Fwp%2Fv2%2Fmedia&parent=155"}],"curies":[{"name":"wp","href":"https:\/\/api.w.org\/{rel}","templated":true}]}}