{"id":153,"date":"2016-04-11T07:48:54","date_gmt":"2016-04-11T07:48:54","guid":{"rendered":"http:\/\/www.liuha.fi\/keslem\/?page_id=153"},"modified":"2016-11-17T19:07:07","modified_gmt":"2016-11-17T19:07:07","slug":"keskustaopiskelijat","status":"publish","type":"page","link":"https:\/\/www.liuha.fi\/keslem\/?page_id=153","title":{"rendered":"Keskustaopiskelijat"},"content":{"rendered":"<p><strong>Keskustaopiskelijoilla on aktiivista toimintaa yliopistokaupunki Tampereella<\/strong> ymp\u00e4r\u00f6ivine paikkakuntineen ja opiskelijapaikkakunnilla ymp\u00e4ri Suomen. Pirkanmaan Keskustaopiskelijat toimivat aktiivisesti korkeakoulujen oppilaskuntatoiminnassa ja Keskustan opiskelijaliiton kautta opiskelijoiden valtakunnallisessa edunvalvonnassa mukavaa yhdess\u00e4oloa unohtamatta.<\/p>\n<p>Lis\u00e4\u00e4 tietoa toiminnasta l\u00f6yd\u00e4t <a href=\"http:\/\/www.keskustaopiskelijat.fi\" target=\"_blank\">Keskustan opiskelijaliiton sivustolta<\/a>.<\/p>\n","protected":false},"excerpt":{"rendered":"<p>Keskustaopiskelijoilla on aktiivista toimintaa yliopistokaupunki Tampereella ymp\u00e4r\u00f6ivine paikkakuntineen ja opiskelijapaikkakunnilla ymp\u00e4ri Suomen. Pirkanmaan Keskustaopiskelijat toimivat aktiivisesti korkeakoulujen oppilaskuntatoiminnassa ja Keskustan opiskelijaliiton kautta opiskelijoiden valtakunnallisessa edunvalvonnassa mukavaa yhdess\u00e4oloa unohtamatta. Lis\u00e4\u00e4 tietoa toiminnasta l\u00f6yd\u00e4t Keskustan opiskelijaliiton sivustolta.<\/p>\n<p> <a class=\"continue-reading-link\" href=\"https:\/\/www.liuha.fi\/keslem\/?page_id=153\"><span>Jatka lukemista<\/span><i class=\"crycon-right-dir\"><\/i><\/a> <\/p>\n","protected":false},"author":1,"featured_media":0,"parent":100,"menu_order":0,"comment_status":"closed","ping_status":"closed","template":"","meta":{"footnotes":""},"class_list":["post-153","page","type-page","status-publish","hentry"],"_links":{"self":[{"href":"https:\/\/www.liuha.fi\/keslem\/index.php?rest_route=\/wp\/v2\/pages\/153","targetHints":{"allow":["GET"]}}],"collection":[{"href":"https:\/\/www.liuha.fi\/keslem\/index.php?rest_route=\/wp\/v2\/pages"}],"about":[{"href":"https:\/\/www.liuha.fi\/keslem\/index.php?rest_route=\/wp\/v2\/types\/page"}],"author":[{"embeddable":true,"href":"https:\/\/www.liuha.fi\/keslem\/index.php?rest_route=\/wp\/v2\/users\/1"}],"replies":[{"embeddable":true,"href":"https:\/\/www.liuha.fi\/keslem\/index.php?rest_route=%2Fwp%2Fv2%2Fcomments&post=153"}],"version-history":[{"count":3,"href":"https:\/\/www.liuha.fi\/keslem\/index.php?rest_route=\/wp\/v2\/pages\/153\/revisions"}],"predecessor-version":[{"id":634,"href":"https:\/\/www.liuha.fi\/keslem\/index.php?rest_route=\/wp\/v2\/pages\/153\/revisions\/634"}],"up":[{"embeddable":true,"href":"https:\/\/www.liuha.fi\/keslem\/index.php?rest_route=\/wp\/v2\/pages\/100"}],"wp:attachment":[{"href":"https:\/\/www.liuha.fi\/keslem\/index.php?rest_route=%2Fwp%2Fv2%2Fmedia&parent=153"}],"curies":[{"name":"wp","href":"https:\/\/api.w.org\/{rel}","templated":true}]}}