{"id":151,"date":"2016-04-11T07:48:05","date_gmt":"2016-04-11T07:48:05","guid":{"rendered":"http:\/\/www.liuha.fi\/keslem\/?page_id=151"},"modified":"2025-02-02T18:37:42","modified_gmt":"2025-02-02T18:37:42","slug":"keskustanuoret","status":"publish","type":"page","link":"https:\/\/www.liuha.fi\/keslem\/?page_id=151","title":{"rendered":"Keskustanuoret"},"content":{"rendered":"<p><strong>Pirkanmaalla toimii Keskustanuorten oma piirij\u00e4rjest\u00f6.<\/strong> <a href=\"http:\/\/www.keskustanuoret.fi\/piirit\/pirkanmaa\" target=\"_blank\" rel=\"noopener\">Pirkanmaan keskustanuoret<\/a> ovat n\u00e4kyv\u00e4sti edustettuna maakunnassa ja <a href=\"http:\/\/www.keskustanuoret.fi\" target=\"_blank\" rel=\"noopener\">Keskustanuorten <\/a>valtakunnallisessa toiminnassa. Keskustanuorten puheenjohtajistoon kuuluvia on usein valittu my\u00f6s Keskustan piirin varapuheenjohtajiksi ja piirihallitukseen.<\/p>\n<p>Pirkanmaan Keskustanuorilla on toimintaan keskittyv\u00e4 hallitus ja osap\u00e4iv\u00e4inen toiminnanjohtaja.\u00a0 Lis\u00e4tietoja ja yhteystiedot l\u00f6yd\u00e4t parhaiten <a href=\"http:\/\/www.keskustanuoret.fi\/piirit\/pirkanmaa\" target=\"_blank\" rel=\"noopener\">Keskustanuorten sivustolta<\/a>.<\/p>\n<p><a href=\"http:\/\/www.keskustanuoret.fi\" target=\"_blank\" rel=\"noopener\"><img loading=\"lazy\" decoding=\"async\" class=\"aligncenter wp-image-629 size-full\" src=\"https:\/\/www.liuha.fi\/keslem\/wp-content\/uploads\/2016\/04\/keskusta-logo_0.png\" alt=\"Keskustanuorten logo\" width=\"500\" height=\"81\" srcset=\"https:\/\/www.liuha.fi\/keslem\/wp-content\/uploads\/2016\/04\/keskusta-logo_0.png 500w, https:\/\/www.liuha.fi\/keslem\/wp-content\/uploads\/2016\/04\/keskusta-logo_0-300x49.png 300w, https:\/\/www.liuha.fi\/keslem\/wp-content\/uploads\/2016\/04\/keskusta-logo_0-250x41.png 250w, https:\/\/www.liuha.fi\/keslem\/wp-content\/uploads\/2016\/04\/keskusta-logo_0-150x24.png 150w\" sizes=\"auto, (max-width: 500px) 100vw, 500px\" \/><\/a><\/p>\n","protected":false},"excerpt":{"rendered":"<p>Pirkanmaalla toimii Keskustanuorten oma piirij\u00e4rjest\u00f6. Pirkanmaan keskustanuoret ovat n\u00e4kyv\u00e4sti edustettuna maakunnassa ja Keskustanuorten valtakunnallisessa toiminnassa. Keskustanuorten puheenjohtajistoon kuuluvia on usein valittu my\u00f6s Keskustan piirin varapuheenjohtajiksi ja piirihallitukseen. Pirkanmaan Keskustanuorilla on toimintaan keskittyv\u00e4 hallitus ja osap\u00e4iv\u00e4inen toiminnanjohtaja.\u00a0 Lis\u00e4tietoja ja yhteystiedot l\u00f6yd\u00e4t parhaiten Keskustanuorten sivustolta.<\/p>\n<p> <a class=\"continue-reading-link\" href=\"https:\/\/www.liuha.fi\/keslem\/?page_id=151\"><span>Jatka lukemista<\/span><i class=\"crycon-right-dir\"><\/i><\/a> <\/p>\n","protected":false},"author":1,"featured_media":0,"parent":100,"menu_order":0,"comment_status":"closed","ping_status":"closed","template":"","meta":{"footnotes":""},"class_list":["post-151","page","type-page","status-publish","hentry"],"_links":{"self":[{"href":"https:\/\/www.liuha.fi\/keslem\/index.php?rest_route=\/wp\/v2\/pages\/151","targetHints":{"allow":["GET"]}}],"collection":[{"href":"https:\/\/www.liuha.fi\/keslem\/index.php?rest_route=\/wp\/v2\/pages"}],"about":[{"href":"https:\/\/www.liuha.fi\/keslem\/index.php?rest_route=\/wp\/v2\/types\/page"}],"author":[{"embeddable":true,"href":"https:\/\/www.liuha.fi\/keslem\/index.php?rest_route=\/wp\/v2\/users\/1"}],"replies":[{"embeddable":true,"href":"https:\/\/www.liuha.fi\/keslem\/index.php?rest_route=%2Fwp%2Fv2%2Fcomments&post=151"}],"version-history":[{"count":8,"href":"https:\/\/www.liuha.fi\/keslem\/index.php?rest_route=\/wp\/v2\/pages\/151\/revisions"}],"predecessor-version":[{"id":1885,"href":"https:\/\/www.liuha.fi\/keslem\/index.php?rest_route=\/wp\/v2\/pages\/151\/revisions\/1885"}],"up":[{"embeddable":true,"href":"https:\/\/www.liuha.fi\/keslem\/index.php?rest_route=\/wp\/v2\/pages\/100"}],"wp:attachment":[{"href":"https:\/\/www.liuha.fi\/keslem\/index.php?rest_route=%2Fwp%2Fv2%2Fmedia&parent=151"}],"curies":[{"name":"wp","href":"https:\/\/api.w.org\/{rel}","templated":true}]}}