{"id":149,"date":"2016-04-11T07:46:40","date_gmt":"2016-04-11T07:46:40","guid":{"rendered":"http:\/\/www.liuha.fi\/keslem\/?page_id=149"},"modified":"2025-02-02T18:33:52","modified_gmt":"2025-02-02T18:33:52","slug":"keskustanaiset","status":"publish","type":"page","link":"https:\/\/www.liuha.fi\/keslem\/?page_id=149","title":{"rendered":"Keskustanaiset"},"content":{"rendered":"<p><b>Lemp\u00e4\u00e4l\u00e4n Keskusta toimii yhteisty\u00f6ss\u00e4<\/b>\u00a0<a href=\"https:\/\/keskusta.fi\/pirkanmaa\/keskustanaiset-2\/\" target=\"_blank\" rel=\"noopener\">Keskustanaisten Pirkanmaan piirin kanssa<\/a>. <a href=\"http:\/\/www.keskustanaiset.fi\" target=\"_blank\" rel=\"http:\/\/keskustanaiset.fi noopener\"><img loading=\"lazy\" decoding=\"async\" class=\"wp-image-640 size-full alignleft\" src=\"https:\/\/www.liuha.fi\/keslem\/wp-content\/uploads\/2016\/04\/logo_keskustanaiset.jpg\" alt=\"logo_keskustanaiset\" width=\"192\" height=\"94\" srcset=\"https:\/\/www.liuha.fi\/keslem\/wp-content\/uploads\/2016\/04\/logo_keskustanaiset.jpg 192w, https:\/\/www.liuha.fi\/keslem\/wp-content\/uploads\/2016\/04\/logo_keskustanaiset-150x73.jpg 150w\" sizes=\"auto, (max-width: 192px) 100vw, 192px\" \/><\/a><\/p>\n","protected":false},"excerpt":{"rendered":"<p>Lemp\u00e4\u00e4l\u00e4n Keskusta toimii yhteisty\u00f6ss\u00e4\u00a0Keskustanaisten Pirkanmaan piirin kanssa.<\/p>\n<p> <a class=\"continue-reading-link\" href=\"https:\/\/www.liuha.fi\/keslem\/?page_id=149\"><span>Jatka lukemista<\/span><i class=\"crycon-right-dir\"><\/i><\/a> <\/p>\n","protected":false},"author":1,"featured_media":0,"parent":100,"menu_order":0,"comment_status":"closed","ping_status":"closed","template":"","meta":{"footnotes":""},"class_list":["post-149","page","type-page","status-publish","hentry"],"_links":{"self":[{"href":"https:\/\/www.liuha.fi\/keslem\/index.php?rest_route=\/wp\/v2\/pages\/149","targetHints":{"allow":["GET"]}}],"collection":[{"href":"https:\/\/www.liuha.fi\/keslem\/index.php?rest_route=\/wp\/v2\/pages"}],"about":[{"href":"https:\/\/www.liuha.fi\/keslem\/index.php?rest_route=\/wp\/v2\/types\/page"}],"author":[{"embeddable":true,"href":"https:\/\/www.liuha.fi\/keslem\/index.php?rest_route=\/wp\/v2\/users\/1"}],"replies":[{"embeddable":true,"href":"https:\/\/www.liuha.fi\/keslem\/index.php?rest_route=%2Fwp%2Fv2%2Fcomments&post=149"}],"version-history":[{"count":4,"href":"https:\/\/www.liuha.fi\/keslem\/index.php?rest_route=\/wp\/v2\/pages\/149\/revisions"}],"predecessor-version":[{"id":1883,"href":"https:\/\/www.liuha.fi\/keslem\/index.php?rest_route=\/wp\/v2\/pages\/149\/revisions\/1883"}],"up":[{"embeddable":true,"href":"https:\/\/www.liuha.fi\/keslem\/index.php?rest_route=\/wp\/v2\/pages\/100"}],"wp:attachment":[{"href":"https:\/\/www.liuha.fi\/keslem\/index.php?rest_route=%2Fwp%2Fv2%2Fmedia&parent=149"}],"curies":[{"name":"wp","href":"https:\/\/api.w.org\/{rel}","templated":true}]}}