{"id":147,"date":"2016-04-11T07:45:36","date_gmt":"2016-04-11T07:45:36","guid":{"rendered":"http:\/\/www.liuha.fi\/keslem\/?page_id=147"},"modified":"2026-02-18T22:42:52","modified_gmt":"2026-02-18T22:42:52","slug":"pirkanmaan-piiri","status":"publish","type":"page","link":"https:\/\/www.liuha.fi\/keslem\/?page_id=147","title":{"rendered":"Pirkanmaan piiri"},"content":{"rendered":"<div id=\"attachment_552\" style=\"width: 273px\" class=\"wp-caption alignleft\"><a href=\"https:\/\/www.liuha.fi\/keslem\/wp-content\/uploads\/2016\/11\/TuukkajavpjtR.jpg\"><img loading=\"lazy\" decoding=\"async\" aria-describedby=\"caption-attachment-552\" class=\"size-medium wp-image-552\" src=\"https:\/\/www.liuha.fi\/keslem\/wp-content\/uploads\/2016\/11\/TuukkajavpjtR-263x300.jpg\" alt=\"Pirkanmaan Keskustan puheejohtaja 2017 Tuukka Liuha sek\u00e4 varapuheenjohtajat Mirva Kittila ja Aino-Riikka Simula\" width=\"263\" height=\"300\" srcset=\"https:\/\/www.liuha.fi\/keslem\/wp-content\/uploads\/2016\/11\/TuukkajavpjtR-263x300.jpg 263w, https:\/\/www.liuha.fi\/keslem\/wp-content\/uploads\/2016\/11\/TuukkajavpjtR-768x876.jpg 768w, https:\/\/www.liuha.fi\/keslem\/wp-content\/uploads\/2016\/11\/TuukkajavpjtR-898x1024.jpg 898w, https:\/\/www.liuha.fi\/keslem\/wp-content\/uploads\/2016\/11\/TuukkajavpjtR-132x150.jpg 132w, https:\/\/www.liuha.fi\/keslem\/wp-content\/uploads\/2016\/11\/TuukkajavpjtR.jpg 1190w\" sizes=\"auto, (max-width: 263px) 100vw, 263px\" \/><\/a><p id=\"caption-attachment-552\" class=\"wp-caption-text\">Pirkanmaan Keskustan juuri valittu puheenjohtajisto vuodelle 2017: Tuukka Liuha sek\u00e4 varapuheenjohtajat Mirva Kittil\u00e4 ja Aino-Riikka Simula Vesilahden piirikokouksessa.<\/p><\/div>\n<p>Maakuntamme alueella Keskustan paikallisyhdistykset ja kunnallisj\u00e4rjest\u00f6t ovat <a href=\"http:\/\/www.pirkanmaankeskusta.fi\" target=\"_blank\" rel=\"noopener noreferrer\">Pirkanmaan piirij\u00e4rjest\u00f6n<\/a> j\u00e4seni\u00e4. Niiden edustajat valitsevat vuosittain piirikokouksessa johdon ja muut piirin luottamushenkil\u00f6t. Vuosina 2017-2023 Keskustan Pirkanmaan piirin puheenjohtajana on toiminut <a href=\"http:\/\/www.liuha.fi\" target=\"_blank\" rel=\"noopener noreferrer\">Tuukka Liuha <\/a>Lemp\u00e4\u00e4l\u00e4st\u00e4. Aikaisemmin Lemp\u00e4\u00e4l\u00e4st\u00e4 Piirin puheenjohtajina ovat toimineet Hannu Kopola ja Markku Vuorensola.<\/p>\n<p>Pirkanmaan Keskustan piiritoimisto sijaitsee Tampereella osoitteessa N\u00e4silinnankatu 23 A1. Piirin toiminnasta ja toimistosta vastaa piirihallituksen alaisuudessa\u00a0 <a href=\"http:\/\/www.pirkanmaankeskusta.fi\/2\" target=\"_blank\" rel=\"noopener noreferrer\">toiminnanjohtaja.<\/a> Piiritoimistolta hoidetaan koko maakunnan osalta mm. j\u00e4senrekisteri\u00e4 ja j\u00e4senlaskutusta.<\/p>\n<p>Piirist\u00e4 valitaan edustaja Keskustan puoluehallitukseen ja kahdeksan edustajaa puoluevaltuustoon, joka on korkein p\u00e4\u00e4tt\u00e4v\u00e4 elin puoluekokoustenv\u00e4lill\u00e4 ja p\u00e4\u00e4tt\u00e4\u00e4 mm. hallitukseen menosta ja puolueen taloudesta.<\/p>\n<p>Piiri valitsee kunta- ja aluevaalien tulosten perusteella saataville paikoille keskustalaiset luottamushenkil\u00f6t maakunnallisiin luottamusteht\u00e4viin, mm. maakuntavaltuustoon ja -hallitukseen sek\u00e4 Pirkanmaan Hyvinvointialueen luottamusteht\u00e4viin. Piiri valitsee ja asettaa ehdolle Pirkanmaan keskustalaiset kansanedustajaehdokkaat.<\/p>\n<p>Lis\u00e4tietoa Pirkanmaan piirist\u00e4 ja toiminnasta, luottamushenkil\u00f6ist\u00e4 sek\u00e4 politiikasta Pirkanmaalla l\u00f6yd\u00e4t osoitteesta <a href=\"http:\/\/www.pirkanmaankeskusta.fi\" target=\"_blank\" rel=\"noopener noreferrer\">www.pirkanmaankeskusta.fi<\/a>.<\/p>\n<div style=\"width: 719px\" class=\"wp-caption alignnone\"><img loading=\"lazy\" decoding=\"async\" src=\"https:\/\/asiakas.kotisivukone.com\/files\/keskustanpirkanmaankansanedustajaehdokkaat.kotisivukone.com\/.thumbs\/Piirihallitus_26062018_709x.png\" alt=\"\" width=\"709\" height=\"369\" \/><p class=\"wp-caption-text\">Piirihallitus 2018 kes\u00e4kokouksessaan puheenjohtaja Tuukka Liuhan silmin. Kuvasta etualalta puuttuvat Pauli Haapaniemi ja Tuula Jokinen.<\/p><\/div>\n\n\n<p><\/p>\n","protected":false},"excerpt":{"rendered":"<p>Maakuntamme alueella Keskustan paikallisyhdistykset ja kunnallisj\u00e4rjest\u00f6t ovat Pirkanmaan piirij\u00e4rjest\u00f6n j\u00e4seni\u00e4. Niiden edustajat valitsevat vuosittain piirikokouksessa johdon ja muut piirin luottamushenkil\u00f6t. Vuosina 2017-2023 Keskustan Pirkanmaan piirin puheenjohtajana on toiminut Tuukka Liuha Lemp\u00e4\u00e4l\u00e4st\u00e4. Aikaisemmin Lemp\u00e4\u00e4l\u00e4st\u00e4 Piirin puheenjohtajina ovat toimineet Hannu Kopola ja Markku Vuorensola. Pirkanmaan Keskustan piiritoimisto sijaitsee Tampereella osoitteessa N\u00e4silinnankatu 23 A1. Piirin toiminnasta ja toimistosta vastaa piirihallituksen alaisuudessa\u00a0 toiminnanjohtaja. Piiritoimistolta\u2026<\/p>\n<p> <a class=\"continue-reading-link\" href=\"https:\/\/www.liuha.fi\/keslem\/?page_id=147\"><span>Jatka lukemista<\/span><i class=\"crycon-right-dir\"><\/i><\/a> <\/p>\n","protected":false},"author":1,"featured_media":0,"parent":100,"menu_order":0,"comment_status":"closed","ping_status":"closed","template":"","meta":{"footnotes":""},"class_list":["post-147","page","type-page","status-publish","hentry"],"_links":{"self":[{"href":"https:\/\/www.liuha.fi\/keslem\/index.php?rest_route=\/wp\/v2\/pages\/147","targetHints":{"allow":["GET"]}}],"collection":[{"href":"https:\/\/www.liuha.fi\/keslem\/index.php?rest_route=\/wp\/v2\/pages"}],"about":[{"href":"https:\/\/www.liuha.fi\/keslem\/index.php?rest_route=\/wp\/v2\/types\/page"}],"author":[{"embeddable":true,"href":"https:\/\/www.liuha.fi\/keslem\/index.php?rest_route=\/wp\/v2\/users\/1"}],"replies":[{"embeddable":true,"href":"https:\/\/www.liuha.fi\/keslem\/index.php?rest_route=%2Fwp%2Fv2%2Fcomments&post=147"}],"version-history":[{"count":41,"href":"https:\/\/www.liuha.fi\/keslem\/index.php?rest_route=\/wp\/v2\/pages\/147\/revisions"}],"predecessor-version":[{"id":1915,"href":"https:\/\/www.liuha.fi\/keslem\/index.php?rest_route=\/wp\/v2\/pages\/147\/revisions\/1915"}],"up":[{"embeddable":true,"href":"https:\/\/www.liuha.fi\/keslem\/index.php?rest_route=\/wp\/v2\/pages\/100"}],"wp:attachment":[{"href":"https:\/\/www.liuha.fi\/keslem\/index.php?rest_route=%2Fwp%2Fv2%2Fmedia&parent=147"}],"curies":[{"name":"wp","href":"https:\/\/api.w.org\/{rel}","templated":true}]}}