{"id":145,"date":"2016-04-11T07:44:10","date_gmt":"2016-04-11T07:44:10","guid":{"rendered":"http:\/\/www.liuha.fi\/keslem\/?page_id=145"},"modified":"2022-01-04T04:25:14","modified_gmt":"2022-01-04T04:25:14","slug":"paikallisyhdistykset","status":"publish","type":"page","link":"https:\/\/www.liuha.fi\/keslem\/?page_id=145","title":{"rendered":"Paikallisyhdistykset"},"content":{"rendered":"<p><strong>Keskustan henkil\u00f6j\u00e4senen\u00e4 on mahdollista olla paikallisyhdistyksen j\u00e4senyyden kautta.<\/strong> Jokainen meist\u00e4 on jonkin paikallisyhdistyksen j\u00e4sen. J\u00e4senmaksut perit\u00e4\u00e4n nykyisin piirij\u00e4rjest\u00f6n toimesta keskitetysti ja niist\u00e4 tilitet\u00e4\u00e4n palautuksena sovittu osuus omalle yhdistykselle. J\u00e4senyys kohdistuu useimmiten asuinpaikan perusteella, mutta jokainen voi halutessaan itse p\u00e4\u00e4tt\u00e4\u00e4 mihin porukkaan h\u00e4n haluaa liitty\u00e4, jos haluaa esimerkiksi toimia yhdess\u00e4 ennest\u00e4\u00e4n tuttujen kanssa.<\/p>\n<p><strong>Paikallisyhdistykset voivat l\u00e4hett\u00e4\u00e4 \u00e4\u00e4nivaltaisia edustajia puoleen piirin kokouksiin ja Keskustan puoluekokoukseen.<\/strong> Niiden paikallinen toiminta ja aktiivisuus vaihtelee j\u00e4senten omien tarpeiden mukaan. Lemp\u00e4\u00e4l\u00e4ss\u00e4 hoidamme kunnallisen toiminnan ja vaality\u00f6n ym. yhteistoimintana kunnallisj\u00e4rjest\u00f6n kautta. Vaikka kunnallisj\u00e4rjest\u00f6n j\u00e4seni\u00e4 ja p\u00e4\u00e4t\u00f6ksentekij\u00f6it\u00e4 ovat virallisesti paikallisyhdistykset edustajiensa kautta, <strong>Lemp\u00e4\u00e4l\u00e4ss\u00e4 jokaisella Keskustan j\u00e4senell\u00e4 on erillisell\u00e4 p\u00e4\u00e4t\u00f6ksell\u00e4 \u00e4\u00e4nioikeus my\u00f6s kunnallisj\u00e4rjest\u00f6n kokouksissa<\/strong>.<\/p>\n<p>Keskustalla on\u00a0Lemp\u00e4\u00e4l\u00e4ss\u00e4 viisi paikallisyhdistyst\u00e4:<\/p>\n<p><strong>Keskustan It\u00e4-Lemp\u00e4\u00e4l\u00e4n py.<\/strong><\/p>\n<p>Pj. Hannu kopola<\/p>\n<p><strong>Keskustan Ahtialan-Lastusten py.<\/strong><\/p>\n<p>Pj. Harri Jussila<\/p>\n<p><strong>Keskustan Lempoisten py.<\/strong><\/p>\n<p>Pj. Riitta M\u00e4kinen<\/p>\n<p><strong>Keskustan S\u00e4ij\u00e4n py.<\/strong><\/p>\n<p>Pj. Mikko K\u00e4rki<\/p>\n<p><strong>Keskustan Kuljun py.<\/strong><\/p>\n<p>Pj. Jari Viskari<\/p>\n","protected":false},"excerpt":{"rendered":"<p>Keskustan henkil\u00f6j\u00e4senen\u00e4 on mahdollista olla paikallisyhdistyksen j\u00e4senyyden kautta. Jokainen meist\u00e4 on jonkin paikallisyhdistyksen j\u00e4sen. J\u00e4senmaksut perit\u00e4\u00e4n nykyisin piirij\u00e4rjest\u00f6n toimesta keskitetysti ja niist\u00e4 tilitet\u00e4\u00e4n palautuksena sovittu osuus omalle yhdistykselle. J\u00e4senyys kohdistuu useimmiten asuinpaikan perusteella, mutta jokainen voi halutessaan itse p\u00e4\u00e4tt\u00e4\u00e4 mihin porukkaan h\u00e4n haluaa liitty\u00e4, jos haluaa esimerkiksi toimia yhdess\u00e4 ennest\u00e4\u00e4n tuttujen kanssa. Paikallisyhdistykset voivat l\u00e4hett\u00e4\u00e4 \u00e4\u00e4nivaltaisia edustajia puoleen piirin kokouksiin\u2026<\/p>\n<p> <a class=\"continue-reading-link\" href=\"https:\/\/www.liuha.fi\/keslem\/?page_id=145\"><span>Jatka lukemista<\/span><i class=\"crycon-right-dir\"><\/i><\/a> <\/p>\n","protected":false},"author":1,"featured_media":0,"parent":100,"menu_order":0,"comment_status":"closed","ping_status":"closed","template":"","meta":{"footnotes":""},"class_list":["post-145","page","type-page","status-publish","hentry"],"_links":{"self":[{"href":"https:\/\/www.liuha.fi\/keslem\/index.php?rest_route=\/wp\/v2\/pages\/145","targetHints":{"allow":["GET"]}}],"collection":[{"href":"https:\/\/www.liuha.fi\/keslem\/index.php?rest_route=\/wp\/v2\/pages"}],"about":[{"href":"https:\/\/www.liuha.fi\/keslem\/index.php?rest_route=\/wp\/v2\/types\/page"}],"author":[{"embeddable":true,"href":"https:\/\/www.liuha.fi\/keslem\/index.php?rest_route=\/wp\/v2\/users\/1"}],"replies":[{"embeddable":true,"href":"https:\/\/www.liuha.fi\/keslem\/index.php?rest_route=%2Fwp%2Fv2%2Fcomments&post=145"}],"version-history":[{"count":15,"href":"https:\/\/www.liuha.fi\/keslem\/index.php?rest_route=\/wp\/v2\/pages\/145\/revisions"}],"predecessor-version":[{"id":1785,"href":"https:\/\/www.liuha.fi\/keslem\/index.php?rest_route=\/wp\/v2\/pages\/145\/revisions\/1785"}],"up":[{"embeddable":true,"href":"https:\/\/www.liuha.fi\/keslem\/index.php?rest_route=\/wp\/v2\/pages\/100"}],"wp:attachment":[{"href":"https:\/\/www.liuha.fi\/keslem\/index.php?rest_route=%2Fwp%2Fv2%2Fmedia&parent=145"}],"curies":[{"name":"wp","href":"https:\/\/api.w.org\/{rel}","templated":true}]}}