{"id":135,"date":"2016-03-15T12:36:41","date_gmt":"2016-03-15T12:36:41","guid":{"rendered":"http:\/\/www.liuha.fi\/keslem\/?page_id=135"},"modified":"2026-02-18T22:33:23","modified_gmt":"2026-02-18T22:33:23","slug":"seurakunta","status":"publish","type":"page","link":"https:\/\/www.liuha.fi\/keslem\/?page_id=135","title":{"rendered":"Seurakunnassa"},"content":{"rendered":"\n<h3 class=\"wp-block-heading\">\u00a0<strong><strong>Keskustalaisen seurakuntav\u00e4en kirkkoneuvoston j\u00e4senet Lemp\u00e4\u00e4l\u00e4ss\u00e4 2026<\/strong><br><\/strong><\/h3>\n\n\n\n<div class=\"wp-block-columns is-layout-flex wp-container-core-columns-is-layout-9d6595d7 wp-block-columns-is-layout-flex\">\n<div class=\"wp-block-column is-layout-flow wp-block-column-is-layout-flow\"><div class=\"wp-block-image\">\n<figure class=\"aligncenter size-medium is-resized\"><a href=\"https:\/\/www.liuha.fi\/keslem\/wp-content\/uploads\/2023\/03\/Liuha-Tuukka-Pirkanmaa-juliste-scaled.jpg\"><img loading=\"lazy\" decoding=\"async\" width=\"200\" height=\"300\" src=\"https:\/\/www.liuha.fi\/keslem\/wp-content\/uploads\/2023\/03\/Liuha-Tuukka-Pirkanmaa-juliste-200x300.jpg\" alt=\"Tuukka Liuha\" class=\"wp-image-1828\" style=\"width:178px;height:auto\" srcset=\"https:\/\/www.liuha.fi\/keslem\/wp-content\/uploads\/2023\/03\/Liuha-Tuukka-Pirkanmaa-juliste-200x300.jpg 200w, https:\/\/www.liuha.fi\/keslem\/wp-content\/uploads\/2023\/03\/Liuha-Tuukka-Pirkanmaa-juliste-682x1024.jpg 682w, https:\/\/www.liuha.fi\/keslem\/wp-content\/uploads\/2023\/03\/Liuha-Tuukka-Pirkanmaa-juliste-768x1152.jpg 768w, https:\/\/www.liuha.fi\/keslem\/wp-content\/uploads\/2023\/03\/Liuha-Tuukka-Pirkanmaa-juliste-1024x1536.jpg 1024w, https:\/\/www.liuha.fi\/keslem\/wp-content\/uploads\/2023\/03\/Liuha-Tuukka-Pirkanmaa-juliste-1365x2048.jpg 1365w, https:\/\/www.liuha.fi\/keslem\/wp-content\/uploads\/2023\/03\/Liuha-Tuukka-Pirkanmaa-juliste-100x150.jpg 100w, https:\/\/www.liuha.fi\/keslem\/wp-content\/uploads\/2023\/03\/Liuha-Tuukka-Pirkanmaa-juliste-scaled.jpg 1706w\" sizes=\"auto, (max-width: 200px) 100vw, 200px\" \/><\/a><figcaption class=\"wp-element-caption\">Tuukka Liuha<\/figcaption><\/figure>\n<\/div><\/div>\n\n\n\n<div class=\"wp-block-column is-layout-flow wp-block-column-is-layout-flow\"><div class=\"wp-block-image\">\n<figure class=\"aligncenter size-medium is-resized\"><a href=\"https:\/\/www.liuha.fi\/keslem\/wp-content\/uploads\/2022\/11\/karojarvi_hanna_lempaalan_srk-scaled.jpg\"><img loading=\"lazy\" decoding=\"async\" width=\"300\" height=\"200\" src=\"https:\/\/www.liuha.fi\/keslem\/wp-content\/uploads\/2022\/11\/karojarvi_hanna_lempaalan_srk-300x200.jpg\" alt=\"\" class=\"wp-image-1801\" style=\"aspect-ratio:1.5018050541516246;width:416px;height:auto\" srcset=\"https:\/\/www.liuha.fi\/keslem\/wp-content\/uploads\/2022\/11\/karojarvi_hanna_lempaalan_srk-300x200.jpg 300w, https:\/\/www.liuha.fi\/keslem\/wp-content\/uploads\/2022\/11\/karojarvi_hanna_lempaalan_srk-1024x683.jpg 1024w, https:\/\/www.liuha.fi\/keslem\/wp-content\/uploads\/2022\/11\/karojarvi_hanna_lempaalan_srk-768x512.jpg 768w, https:\/\/www.liuha.fi\/keslem\/wp-content\/uploads\/2022\/11\/karojarvi_hanna_lempaalan_srk-1536x1024.jpg 1536w, https:\/\/www.liuha.fi\/keslem\/wp-content\/uploads\/2022\/11\/karojarvi_hanna_lempaalan_srk-2048x1365.jpg 2048w, https:\/\/www.liuha.fi\/keslem\/wp-content\/uploads\/2022\/11\/karojarvi_hanna_lempaalan_srk-150x100.jpg 150w, https:\/\/www.liuha.fi\/keslem\/wp-content\/uploads\/2022\/11\/karojarvi_hanna_lempaalan_srk-272x182.jpg 272w\" sizes=\"auto, (max-width: 300px) 100vw, 300px\" \/><\/a><figcaption class=\"wp-element-caption\">Hanna Karoj\u00e4rvi<\/figcaption><\/figure>\n<\/div><\/div>\n<\/div>\n\n\n\n<div class=\"wp-block-columns is-layout-flex wp-container-core-columns-is-layout-9d6595d7 wp-block-columns-is-layout-flex\">\n<div class=\"wp-block-column is-layout-flow wp-block-column-is-layout-flow\"><div class=\"wp-block-image\">\n<figure class=\"aligncenter size-medium is-resized\"><a href=\"https:\/\/www.liuha.fi\/keslem\/wp-content\/uploads\/2022\/11\/makinen_riitta_lempaalan_srk-scaled-e1678835896555.jpg\"><img loading=\"lazy\" decoding=\"async\" width=\"194\" height=\"300\" src=\"https:\/\/www.liuha.fi\/keslem\/wp-content\/uploads\/2022\/11\/makinen_riitta_lempaalan_srk-scaled-e1678835896555-194x300.jpg\" alt=\"\" class=\"wp-image-1804\" style=\"aspect-ratio:0.6466887909257516;width:180px;height:auto\" srcset=\"https:\/\/www.liuha.fi\/keslem\/wp-content\/uploads\/2022\/11\/makinen_riitta_lempaalan_srk-scaled-e1678835896555-194x300.jpg 194w, https:\/\/www.liuha.fi\/keslem\/wp-content\/uploads\/2022\/11\/makinen_riitta_lempaalan_srk-scaled-e1678835896555-662x1024.jpg 662w, https:\/\/www.liuha.fi\/keslem\/wp-content\/uploads\/2022\/11\/makinen_riitta_lempaalan_srk-scaled-e1678835896555-768x1188.jpg 768w, https:\/\/www.liuha.fi\/keslem\/wp-content\/uploads\/2022\/11\/makinen_riitta_lempaalan_srk-scaled-e1678835896555-993x1536.jpg 993w, https:\/\/www.liuha.fi\/keslem\/wp-content\/uploads\/2022\/11\/makinen_riitta_lempaalan_srk-scaled-e1678835896555-97x150.jpg 97w, https:\/\/www.liuha.fi\/keslem\/wp-content\/uploads\/2022\/11\/makinen_riitta_lempaalan_srk-scaled-e1678835896555.jpg 1100w\" sizes=\"auto, (max-width: 194px) 100vw, 194px\" \/><\/a><figcaption class=\"wp-element-caption\">varaj\u00e4sen Riitta M\u00e4kinen<\/figcaption><\/figure>\n<\/div><\/div>\n\n\n\n<div class=\"wp-block-column is-layout-flow wp-block-column-is-layout-flow\"><div class=\"wp-block-image\">\n<figure class=\"aligncenter size-large\"><a href=\"https:\/\/www.liuha.fi\/keslem\/wp-content\/uploads\/2022\/11\/karki_mikko_lempaalan_srk-scaled-e1678836456581.jpg\"><img decoding=\"async\" src=\"https:\/\/www.liuha.fi\/keslem\/wp-content\/uploads\/2022\/11\/karki_mikko_lempaalan_srk-1024x683.jpg\" alt=\"\" class=\"wp-image-1799\"\/><\/a><figcaption class=\"wp-element-caption\">varaj\u00e4sen Mikko K\u00e4rki<\/figcaption><\/figure>\n<\/div><\/div>\n<\/div>\n\n\n\n<h3 class=\"wp-block-heading\">&nbsp;<strong>Keskustalaisen seurakuntav\u00e4en kirkkovaltuustoryhm\u00e4 Lemp\u00e4\u00e4l\u00e4ss\u00e4 2023-2026<br><\/strong><\/h3>\n\n\n\n<div class=\"wp-block-columns is-layout-flex wp-container-core-columns-is-layout-9d6595d7 wp-block-columns-is-layout-flex\">\n<div class=\"wp-block-column is-layout-flow wp-block-column-is-layout-flow\"><div class=\"wp-block-image\">\n<figure class=\"aligncenter size-full\"><a href=\"https:\/\/www.liuha.fi\/keslem\/wp-content\/uploads\/2022\/11\/Eloranta-Paula-.jpg\"><img loading=\"lazy\" decoding=\"async\" width=\"213\" height=\"320\" src=\"https:\/\/www.liuha.fi\/keslem\/wp-content\/uploads\/2022\/11\/Eloranta-Paula-.jpg\" alt=\"\" class=\"wp-image-1802\" srcset=\"https:\/\/www.liuha.fi\/keslem\/wp-content\/uploads\/2022\/11\/Eloranta-Paula-.jpg 213w, https:\/\/www.liuha.fi\/keslem\/wp-content\/uploads\/2022\/11\/Eloranta-Paula--200x300.jpg 200w, https:\/\/www.liuha.fi\/keslem\/wp-content\/uploads\/2022\/11\/Eloranta-Paula--100x150.jpg 100w\" sizes=\"auto, (max-width: 213px) 100vw, 213px\" \/><\/a><figcaption class=\"wp-element-caption\">valt. varapuheenjohtaja <br>Paula Eloranta<\/figcaption><\/figure>\n<\/div><\/div>\n\n\n\n<div class=\"wp-block-column is-layout-flow wp-block-column-is-layout-flow\"><div class=\"wp-block-image\">\n<figure class=\"aligncenter size-medium\"><a href=\"https:\/\/www.liuha.fi\/keslem\/wp-content\/uploads\/2023\/03\/Liuha-Tuukka-Pirkanmaa-juliste-scaled.jpg\"><img loading=\"lazy\" decoding=\"async\" width=\"200\" height=\"300\" src=\"https:\/\/www.liuha.fi\/keslem\/wp-content\/uploads\/2023\/03\/Liuha-Tuukka-Pirkanmaa-juliste-200x300.jpg\" alt=\"Tuukka Liuha\" class=\"wp-image-1828\" srcset=\"https:\/\/www.liuha.fi\/keslem\/wp-content\/uploads\/2023\/03\/Liuha-Tuukka-Pirkanmaa-juliste-200x300.jpg 200w, https:\/\/www.liuha.fi\/keslem\/wp-content\/uploads\/2023\/03\/Liuha-Tuukka-Pirkanmaa-juliste-682x1024.jpg 682w, https:\/\/www.liuha.fi\/keslem\/wp-content\/uploads\/2023\/03\/Liuha-Tuukka-Pirkanmaa-juliste-768x1152.jpg 768w, https:\/\/www.liuha.fi\/keslem\/wp-content\/uploads\/2023\/03\/Liuha-Tuukka-Pirkanmaa-juliste-1024x1536.jpg 1024w, https:\/\/www.liuha.fi\/keslem\/wp-content\/uploads\/2023\/03\/Liuha-Tuukka-Pirkanmaa-juliste-1365x2048.jpg 1365w, https:\/\/www.liuha.fi\/keslem\/wp-content\/uploads\/2023\/03\/Liuha-Tuukka-Pirkanmaa-juliste-100x150.jpg 100w, https:\/\/www.liuha.fi\/keslem\/wp-content\/uploads\/2023\/03\/Liuha-Tuukka-Pirkanmaa-juliste-scaled.jpg 1706w\" sizes=\"auto, (max-width: 200px) 100vw, 200px\" \/><\/a><figcaption class=\"wp-element-caption\">Tuukka Liuha<\/figcaption><\/figure>\n<\/div><\/div>\n<\/div>\n\n\n\n<div class=\"wp-block-columns is-layout-flex wp-container-core-columns-is-layout-9d6595d7 wp-block-columns-is-layout-flex\">\n<div class=\"wp-block-column is-layout-flow wp-block-column-is-layout-flow\"><div class=\"wp-block-image\">\n<figure class=\"aligncenter size-full\"><a href=\"https:\/\/www.liuha.fi\/keslem\/wp-content\/uploads\/2022\/11\/Ruuna-Juha-.jpg\"><img loading=\"lazy\" decoding=\"async\" width=\"213\" height=\"320\" src=\"https:\/\/www.liuha.fi\/keslem\/wp-content\/uploads\/2022\/11\/Ruuna-Juha-.jpg\" alt=\"\" class=\"wp-image-1805\" srcset=\"https:\/\/www.liuha.fi\/keslem\/wp-content\/uploads\/2022\/11\/Ruuna-Juha-.jpg 213w, https:\/\/www.liuha.fi\/keslem\/wp-content\/uploads\/2022\/11\/Ruuna-Juha--200x300.jpg 200w, https:\/\/www.liuha.fi\/keslem\/wp-content\/uploads\/2022\/11\/Ruuna-Juha--100x150.jpg 100w\" sizes=\"auto, (max-width: 213px) 100vw, 213px\" \/><\/a><figcaption class=\"wp-element-caption\">Juha Ruuna.<\/figcaption><\/figure>\n<\/div><\/div>\n\n\n\n<div class=\"wp-block-column is-layout-flow wp-block-column-is-layout-flow\"><div class=\"wp-block-image\">\n<figure class=\"aligncenter size-large\"><a href=\"https:\/\/www.liuha.fi\/keslem\/wp-content\/uploads\/2022\/11\/karki_mikko_lempaalan_srk-scaled-e1678836456581.jpg\"><img decoding=\"async\" src=\"https:\/\/www.liuha.fi\/keslem\/wp-content\/uploads\/2022\/11\/karki_mikko_lempaalan_srk-1024x683.jpg\" alt=\"\" class=\"wp-image-1799\"\/><\/a><figcaption class=\"wp-element-caption\">Mikko K\u00e4rki<\/figcaption><\/figure>\n<\/div><\/div>\n<\/div>\n\n\n\n<h4 class=\"wp-block-heading\">&nbsp;<strong>Varavaltuutetut kutsumisj\u00e4rjestyksess\u00e4<\/strong><\/h4>\n\n\n\n<div class=\"wp-block-columns is-layout-flex wp-container-core-columns-is-layout-9d6595d7 wp-block-columns-is-layout-flex\">\n<div class=\"wp-block-column is-layout-flow wp-block-column-is-layout-flow\"><div class=\"wp-block-image\">\n<figure class=\"aligncenter size-large\"><a href=\"https:\/\/www.liuha.fi\/keslem\/wp-content\/uploads\/2022\/11\/karojarvi_hanna_lempaalan_srk-scaled.jpg\"><img loading=\"lazy\" decoding=\"async\" width=\"1024\" height=\"683\" src=\"https:\/\/www.liuha.fi\/keslem\/wp-content\/uploads\/2022\/11\/karojarvi_hanna_lempaalan_srk-1024x683.jpg\" alt=\"\" class=\"wp-image-1801\" srcset=\"https:\/\/www.liuha.fi\/keslem\/wp-content\/uploads\/2022\/11\/karojarvi_hanna_lempaalan_srk-1024x683.jpg 1024w, https:\/\/www.liuha.fi\/keslem\/wp-content\/uploads\/2022\/11\/karojarvi_hanna_lempaalan_srk-300x200.jpg 300w, https:\/\/www.liuha.fi\/keslem\/wp-content\/uploads\/2022\/11\/karojarvi_hanna_lempaalan_srk-768x512.jpg 768w, https:\/\/www.liuha.fi\/keslem\/wp-content\/uploads\/2022\/11\/karojarvi_hanna_lempaalan_srk-1536x1024.jpg 1536w, https:\/\/www.liuha.fi\/keslem\/wp-content\/uploads\/2022\/11\/karojarvi_hanna_lempaalan_srk-2048x1365.jpg 2048w, https:\/\/www.liuha.fi\/keslem\/wp-content\/uploads\/2022\/11\/karojarvi_hanna_lempaalan_srk-150x100.jpg 150w, https:\/\/www.liuha.fi\/keslem\/wp-content\/uploads\/2022\/11\/karojarvi_hanna_lempaalan_srk-272x182.jpg 272w\" sizes=\"auto, (max-width: 1024px) 100vw, 1024px\" \/><\/a><figcaption class=\"wp-element-caption\">Hanna Karoj\u00e4rvi<\/figcaption><\/figure>\n<\/div><\/div>\n\n\n\n<div class=\"wp-block-column is-layout-flow wp-block-column-is-layout-flow\"><div class=\"wp-block-image\">\n<figure class=\"aligncenter size-large\"><a href=\"https:\/\/www.liuha.fi\/keslem\/wp-content\/uploads\/2022\/11\/trast_ritva_lempaalan_srk-scaled.jpg\"><img loading=\"lazy\" decoding=\"async\" width=\"1024\" height=\"683\" src=\"https:\/\/www.liuha.fi\/keslem\/wp-content\/uploads\/2022\/11\/trast_ritva_lempaalan_srk-1024x683.jpg\" alt=\"\" class=\"wp-image-1807\" srcset=\"https:\/\/www.liuha.fi\/keslem\/wp-content\/uploads\/2022\/11\/trast_ritva_lempaalan_srk-1024x683.jpg 1024w, https:\/\/www.liuha.fi\/keslem\/wp-content\/uploads\/2022\/11\/trast_ritva_lempaalan_srk-300x200.jpg 300w, https:\/\/www.liuha.fi\/keslem\/wp-content\/uploads\/2022\/11\/trast_ritva_lempaalan_srk-768x512.jpg 768w, https:\/\/www.liuha.fi\/keslem\/wp-content\/uploads\/2022\/11\/trast_ritva_lempaalan_srk-1536x1024.jpg 1536w, https:\/\/www.liuha.fi\/keslem\/wp-content\/uploads\/2022\/11\/trast_ritva_lempaalan_srk-2048x1365.jpg 2048w, https:\/\/www.liuha.fi\/keslem\/wp-content\/uploads\/2022\/11\/trast_ritva_lempaalan_srk-150x100.jpg 150w, https:\/\/www.liuha.fi\/keslem\/wp-content\/uploads\/2022\/11\/trast_ritva_lempaalan_srk-272x182.jpg 272w\" sizes=\"auto, (max-width: 1024px) 100vw, 1024px\" \/><\/a><figcaption class=\"wp-element-caption\">Ritva Trast (sit)<\/figcaption><\/figure>\n<\/div><\/div>\n<\/div>\n\n\n\n<div class=\"wp-block-columns is-layout-flex wp-container-core-columns-is-layout-9d6595d7 wp-block-columns-is-layout-flex\">\n<div class=\"wp-block-column is-layout-flow wp-block-column-is-layout-flow\"><div class=\"wp-block-image\">\n<figure class=\"aligncenter size-large\"><a href=\"https:\/\/www.liuha.fi\/keslem\/wp-content\/uploads\/2022\/11\/suomela_janne_lempaalan_srk-scaled.jpg\"><img loading=\"lazy\" decoding=\"async\" width=\"1024\" height=\"683\" src=\"https:\/\/www.liuha.fi\/keslem\/wp-content\/uploads\/2022\/11\/suomela_janne_lempaalan_srk-1024x683.jpg\" alt=\"\" class=\"wp-image-1806\" srcset=\"https:\/\/www.liuha.fi\/keslem\/wp-content\/uploads\/2022\/11\/suomela_janne_lempaalan_srk-1024x683.jpg 1024w, https:\/\/www.liuha.fi\/keslem\/wp-content\/uploads\/2022\/11\/suomela_janne_lempaalan_srk-300x200.jpg 300w, https:\/\/www.liuha.fi\/keslem\/wp-content\/uploads\/2022\/11\/suomela_janne_lempaalan_srk-768x512.jpg 768w, https:\/\/www.liuha.fi\/keslem\/wp-content\/uploads\/2022\/11\/suomela_janne_lempaalan_srk-1536x1024.jpg 1536w, https:\/\/www.liuha.fi\/keslem\/wp-content\/uploads\/2022\/11\/suomela_janne_lempaalan_srk-2048x1365.jpg 2048w, https:\/\/www.liuha.fi\/keslem\/wp-content\/uploads\/2022\/11\/suomela_janne_lempaalan_srk-150x100.jpg 150w, https:\/\/www.liuha.fi\/keslem\/wp-content\/uploads\/2022\/11\/suomela_janne_lempaalan_srk-272x182.jpg 272w\" sizes=\"auto, (max-width: 1024px) 100vw, 1024px\" \/><\/a><figcaption class=\"wp-element-caption\">Janne Suomela<\/figcaption><\/figure>\n<\/div><\/div>\n\n\n\n<div class=\"wp-block-column is-layout-flow wp-block-column-is-layout-flow\"><\/div>\n<\/div>\n\n\n\n<p><\/p>\n\n\n\n<p><\/p>\n","protected":false},"excerpt":{"rendered":"<p>\u00a0Keskustalaisen seurakuntav\u00e4en kirkkoneuvoston j\u00e4senet Lemp\u00e4\u00e4l\u00e4ss\u00e4 2026 &nbsp;Keskustalaisen seurakuntav\u00e4en kirkkovaltuustoryhm\u00e4 Lemp\u00e4\u00e4l\u00e4ss\u00e4 2023-2026 &nbsp;Varavaltuutetut kutsumisj\u00e4rjestyksess\u00e4<\/p>\n<p> <a class=\"continue-reading-link\" href=\"https:\/\/www.liuha.fi\/keslem\/?page_id=135\"><span>Jatka lukemista<\/span><i class=\"crycon-right-dir\"><\/i><\/a> <\/p>\n","protected":false},"author":1,"featured_media":0,"parent":0,"menu_order":0,"comment_status":"closed","ping_status":"closed","template":"","meta":{"footnotes":""},"class_list":["post-135","page","type-page","status-publish","hentry"],"_links":{"self":[{"href":"https:\/\/www.liuha.fi\/keslem\/index.php?rest_route=\/wp\/v2\/pages\/135","targetHints":{"allow":["GET"]}}],"collection":[{"href":"https:\/\/www.liuha.fi\/keslem\/index.php?rest_route=\/wp\/v2\/pages"}],"about":[{"href":"https:\/\/www.liuha.fi\/keslem\/index.php?rest_route=\/wp\/v2\/types\/page"}],"author":[{"embeddable":true,"href":"https:\/\/www.liuha.fi\/keslem\/index.php?rest_route=\/wp\/v2\/users\/1"}],"replies":[{"embeddable":true,"href":"https:\/\/www.liuha.fi\/keslem\/index.php?rest_route=%2Fwp%2Fv2%2Fcomments&post=135"}],"version-history":[{"count":13,"href":"https:\/\/www.liuha.fi\/keslem\/index.php?rest_route=\/wp\/v2\/pages\/135\/revisions"}],"predecessor-version":[{"id":1912,"href":"https:\/\/www.liuha.fi\/keslem\/index.php?rest_route=\/wp\/v2\/pages\/135\/revisions\/1912"}],"wp:attachment":[{"href":"https:\/\/www.liuha.fi\/keslem\/index.php?rest_route=%2Fwp%2Fv2%2Fmedia&parent=135"}],"curies":[{"name":"wp","href":"https:\/\/api.w.org\/{rel}","templated":true}]}}