{"id":133,"date":"2016-03-15T12:36:16","date_gmt":"2016-03-15T12:36:16","guid":{"rendered":"http:\/\/www.liuha.fi\/keslem\/?page_id=133"},"modified":"2026-02-18T22:19:57","modified_gmt":"2026-02-18T22:19:57","slug":"lautakunnat","status":"publish","type":"page","link":"https:\/\/www.liuha.fi\/keslem\/?page_id=133","title":{"rendered":"Lautakunnissa"},"content":{"rendered":"\n<p><strong>Sivistyslautakunta <\/strong><\/p>\n\n\n\n<p>Jasmiina Inkinen. varaj\u00e4sen Valeria Seraya-Rautaneva<\/p>\n\n\n\n<p>Antti Kiiveri, varaj\u00e4sen Harri Sein\u00e4<\/p>\n\n\n\n<p><strong>Yhdyskuntalautakunta<\/strong><\/p>\n\n\n\n<p>Matti K\u00e4rki, varaj\u00e4sen Mikko Tappura<\/p>\n\n\n\n<p>Heli Tiensuu, varaj\u00e4sen Marianne Niemi<\/p>\n\n\n\n<p><\/p>\n\n\n\n<p><strong>Hyvinvointi- ja elinvoimalautakunta<\/strong><\/p>\n\n\n\n<p>Pasi Haapaniemi (pj.), varaj\u00e4sen Ville Karhila<\/p>\n\n\n\n<p>Karoliina Ry\u00f6di-Haataja, varaj\u00e4sen Valeria Seraya-Rautaneva<\/p>\n\n\n\n<p><\/p>\n\n\n\n<p><strong>Keskusvaalilautakunta<\/strong><\/p>\n\n\n\n<p>Marianne Niemi, varaj\u00e4sen Elina Hatakka<\/p>\n\n\n\n<p><strong>Tarkastuslautakunta<\/strong><\/p>\n\n\n\n<p>Jarkko Lahtinen, varaj\u00e4sen Heikki Konsala<\/p>\n\n\n\n<p><strong>Pirkkalan Ymp\u00e4rist\u00f6terveyslautakunta (yhteistoiminta-alue)<\/strong><\/p>\n\n\n\n<p>Hannu Salonp\u00e4\u00e4<\/p>\n","protected":false},"excerpt":{"rendered":"<p>Sivistyslautakunta Jasmiina Inkinen. varaj\u00e4sen Valeria Seraya-Rautaneva Antti Kiiveri, varaj\u00e4sen Harri Sein\u00e4 Yhdyskuntalautakunta Matti K\u00e4rki, varaj\u00e4sen Mikko Tappura Heli Tiensuu, varaj\u00e4sen Marianne Niemi Hyvinvointi- ja elinvoimalautakunta Pasi Haapaniemi (pj.), varaj\u00e4sen Ville Karhila Karoliina Ry\u00f6di-Haataja, varaj\u00e4sen Valeria Seraya-Rautaneva Keskusvaalilautakunta Marianne Niemi, varaj\u00e4sen Elina Hatakka Tarkastuslautakunta Jarkko Lahtinen, varaj\u00e4sen Heikki Konsala Pirkkalan Ymp\u00e4rist\u00f6terveyslautakunta (yhteistoiminta-alue) Hannu Salonp\u00e4\u00e4<\/p>\n<p> <a class=\"continue-reading-link\" href=\"https:\/\/www.liuha.fi\/keslem\/?page_id=133\"><span>Jatka lukemista<\/span><i class=\"crycon-right-dir\"><\/i><\/a> <\/p>\n","protected":false},"author":1,"featured_media":0,"parent":0,"menu_order":0,"comment_status":"closed","ping_status":"closed","template":"","meta":{"footnotes":""},"class_list":["post-133","page","type-page","status-publish","hentry"],"_links":{"self":[{"href":"https:\/\/www.liuha.fi\/keslem\/index.php?rest_route=\/wp\/v2\/pages\/133","targetHints":{"allow":["GET"]}}],"collection":[{"href":"https:\/\/www.liuha.fi\/keslem\/index.php?rest_route=\/wp\/v2\/pages"}],"about":[{"href":"https:\/\/www.liuha.fi\/keslem\/index.php?rest_route=\/wp\/v2\/types\/page"}],"author":[{"embeddable":true,"href":"https:\/\/www.liuha.fi\/keslem\/index.php?rest_route=\/wp\/v2\/users\/1"}],"replies":[{"embeddable":true,"href":"https:\/\/www.liuha.fi\/keslem\/index.php?rest_route=%2Fwp%2Fv2%2Fcomments&post=133"}],"version-history":[{"count":12,"href":"https:\/\/www.liuha.fi\/keslem\/index.php?rest_route=\/wp\/v2\/pages\/133\/revisions"}],"predecessor-version":[{"id":1908,"href":"https:\/\/www.liuha.fi\/keslem\/index.php?rest_route=\/wp\/v2\/pages\/133\/revisions\/1908"}],"wp:attachment":[{"href":"https:\/\/www.liuha.fi\/keslem\/index.php?rest_route=%2Fwp%2Fv2%2Fmedia&parent=133"}],"curies":[{"name":"wp","href":"https:\/\/api.w.org\/{rel}","templated":true}]}}