{"id":1329,"date":"2018-02-24T09:45:38","date_gmt":"2018-02-24T09:45:38","guid":{"rendered":"http:\/\/www.liuha.fi\/keslem\/?page_id=1329"},"modified":"2018-11-13T22:45:17","modified_gmt":"2018-11-13T22:45:17","slug":"seurakuntavaalit-2018","status":"publish","type":"page","link":"https:\/\/www.liuha.fi\/keslem\/?page_id=1329","title":{"rendered":"Seurakuntavaalit 2018"},"content":{"rendered":"<p>Seurakunnassa pyrimme tekem\u00e4\u00e4n pitk\u00e4j\u00e4nteist\u00e4 ty\u00f6t\u00e4 seurakunnan elinvoiman ja perusteht\u00e4v\u00e4n mukaisen toiminnan vahvistamiseksi. Lemp\u00e4\u00e4l\u00e4n Seurakunnalla on my\u00f6s merkitt\u00e4v\u00e4 sosiaalinen palveluteht\u00e4v\u00e4 l\u00e4himm\u00e4isten auttajana diakoniaty\u00f6ns\u00e4 kautta.<\/p>\n<p><img loading=\"lazy\" decoding=\"async\" class=\"alignleft wp-image-1413 size-full\" src=\"https:\/\/www.liuha.fi\/keslem\/wp-content\/uploads\/2018\/10\/yhteismainos_lvs_125x180_14112018.jpg\" alt=\"\" width=\"472\" height=\"680\" srcset=\"https:\/\/www.liuha.fi\/keslem\/wp-content\/uploads\/2018\/10\/yhteismainos_lvs_125x180_14112018.jpg 472w, https:\/\/www.liuha.fi\/keslem\/wp-content\/uploads\/2018\/10\/yhteismainos_lvs_125x180_14112018-208x300.jpg 208w, https:\/\/www.liuha.fi\/keslem\/wp-content\/uploads\/2018\/10\/yhteismainos_lvs_125x180_14112018-104x150.jpg 104w\" sizes=\"auto, (max-width: 472px) 100vw, 472px\" \/><\/p>\n","protected":false},"excerpt":{"rendered":"<p>Seurakunnassa pyrimme tekem\u00e4\u00e4n pitk\u00e4j\u00e4nteist\u00e4 ty\u00f6t\u00e4 seurakunnan elinvoiman ja perusteht\u00e4v\u00e4n mukaisen toiminnan vahvistamiseksi. Lemp\u00e4\u00e4l\u00e4n Seurakunnalla on my\u00f6s merkitt\u00e4v\u00e4 sosiaalinen palveluteht\u00e4v\u00e4 l\u00e4himm\u00e4isten auttajana diakoniaty\u00f6ns\u00e4 kautta.<\/p>\n<p> <a class=\"continue-reading-link\" href=\"https:\/\/www.liuha.fi\/keslem\/?page_id=1329\"><span>Jatka lukemista<\/span><i class=\"crycon-right-dir\"><\/i><\/a> <\/p>\n","protected":false},"author":1,"featured_media":0,"parent":0,"menu_order":0,"comment_status":"closed","ping_status":"closed","template":"templates\/template-page-with-intro.php","meta":{"footnotes":""},"class_list":["post-1329","page","type-page","status-publish","hentry"],"_links":{"self":[{"href":"https:\/\/www.liuha.fi\/keslem\/index.php?rest_route=\/wp\/v2\/pages\/1329","targetHints":{"allow":["GET"]}}],"collection":[{"href":"https:\/\/www.liuha.fi\/keslem\/index.php?rest_route=\/wp\/v2\/pages"}],"about":[{"href":"https:\/\/www.liuha.fi\/keslem\/index.php?rest_route=\/wp\/v2\/types\/page"}],"author":[{"embeddable":true,"href":"https:\/\/www.liuha.fi\/keslem\/index.php?rest_route=\/wp\/v2\/users\/1"}],"replies":[{"embeddable":true,"href":"https:\/\/www.liuha.fi\/keslem\/index.php?rest_route=%2Fwp%2Fv2%2Fcomments&post=1329"}],"version-history":[{"count":8,"href":"https:\/\/www.liuha.fi\/keslem\/index.php?rest_route=\/wp\/v2\/pages\/1329\/revisions"}],"predecessor-version":[{"id":1416,"href":"https:\/\/www.liuha.fi\/keslem\/index.php?rest_route=\/wp\/v2\/pages\/1329\/revisions\/1416"}],"wp:attachment":[{"href":"https:\/\/www.liuha.fi\/keslem\/index.php?rest_route=%2Fwp%2Fv2%2Fmedia&parent=1329"}],"curies":[{"name":"wp","href":"https:\/\/api.w.org\/{rel}","templated":true}]}}